{"id":32,"date":"2024-08-15T00:14:08","date_gmt":"2024-08-15T00:14:08","guid":{"rendered":"https:\/\/www.realjobfinder.eu\/?page_id=32"},"modified":"2025-03-07T09:45:07","modified_gmt":"2025-03-07T09:45:07","slug":"partners","status":"publish","type":"page","link":"http:\/\/www.realjobfinder.eu\/lt\/partners\/","title":{"rendered":"Partneriai"},"content":{"rendered":"<!--themify_builder_content-->\n<div id=\"themify_builder_content-32\" data-postid=\"32\" class=\"themify_builder_content themify_builder_content-32 themify_builder tf_clear\">\n    \t<!-- module_row -->\n\t<div  data-lazy=\"1\" class=\"module_row themify_builder_row tb_finy296 tb_first tf_clearfix\" >\n\t    \t\t<div class=\"row_inner col_align_top tf_box tf_w tf_rel\">\n\t\t\t<div  data-lazy=\"1\" class=\"module_column tb-column col-full first tb_mmye297 tf_box\">\n\t\t\t    \t        <div class=\"tb-column-inner tf_box tf_w\">\n\t\t    <!-- module fancy heading -->\n<div  class=\"module module-fancy-heading tb_jyri677\" data-lazy=\"1\">\n        <h1 class=\"fancy-heading tf_textc\">\n    <span  class=\"main-head tf_block\">\n\t\t\t\t\t\t\t    <\/span>\n    <span class=\"sub-head tf_block tf_rel\">\n\t\t\t\t\tB\u016bkime Partneriais\t\t    <\/span>\n    <\/h1>\n<\/div>\n<!-- \/module fancy heading -->\n\t        <\/div>\n\t    \t<\/div>\n\t\t    <\/div>\n\t    <!-- \/row_inner -->\n\t<\/div>\n\t<!-- \/module_row -->\n\t\t<!-- module_row -->\n\t<div  data-lazy=\"1\" class=\"module_row themify_builder_row tb_10bd437 tf_clearfix\">\n\t    \t\t<div class=\"row_inner col_align_top tf_box tf_w tf_rel\">\n\t\t\t<div  data-lazy=\"1\" class=\"module_column tb-column col-full first tb_716j438 tf_box\">\n\t\t\t    \t        <div class=\"tb-column-inner tf_box tf_w\">\n\t\t    <!-- module text -->\n<div  class=\"module module-text tb_g5it205\" data-lazy=\"1\">\n        <div  class=\"tb_text_wrap\">\n    <p>Nesvarbu, ar esate pradedantysis, naujai \u012fsteig\u0117 versl\u0105 ar asmuo, turintis puiki\u0105 id\u0117j\u0105, mes nekantraujame i\u0161girsti, kaip galime dirbti kartu, kad pasiektume abipus\u0117s s\u0117km\u0117s. M\u016bs\u0173 tikslas \u2013 sukurti partneryst\u0119, kuri skatint\u0173 augim\u0105, inovacijas ir meistri\u0161kum\u0105.<\/p>\n<p>\u00a0<\/p>    <\/div>\n<\/div>\n<!-- \/module text -->\t        <\/div>\n\t    \t<\/div>\n\t\t    <\/div>\n\t    <!-- \/row_inner -->\n\t<\/div>\n\t<!-- \/module_row -->\n\t\t<!-- module_row -->\n\t<div  data-lazy=\"1\" class=\"module_row themify_builder_row tb_d8d3741 tf_clearfix\">\n\t    \t\t<div class=\"row_inner col_align_top tf_box tf_w tf_rel\">\n\t\t\t<div  data-lazy=\"1\" class=\"module_column tb-column col-full first tb_mash742 tf_box\">\n\t\t\t    \t        <div class=\"tb-column-inner tf_box tf_w\">\n\t\t    <!-- module text -->\n<div  class=\"module module-text tb_fxag177\" data-lazy=\"1\">\n        <div  class=\"tb_text_wrap\">\n    <p>Si\u0173skite savo pasi\u016blym\u0105<\/p>    <\/div>\n<\/div>\n<!-- \/module text --><!-- module contact -->\n<div  id=\"tb_0f2d32\" class=\"module module-contact tb_0f2d32 animated-label contact-style1\" data-lazy=\"1\">\n        \n    \n\t<form\n\t\taction=\"http:\/\/www.realjobfinder.eu\/wp-admin\/admin-ajax.php\"\n\t\tclass=\"builder-contact\"\n\t\tid=\"tb_0f2d32-form\"\n\t\tmethod=\"post\"\n\t\tdata-post-id=\"32\"\n\t\tdata-element-id=\"0f2d32\"\n\t\tdata-orig-id=\"32\"\n\t>\n    <div class=\"contact-message\"><\/div>\n\t<div class=\"builder-contact-fields tf_rel\">\n\t\t    \t\t    <div class=\"builder-contact-field builder-contact-field-name builder-contact-text-field\">\n\t\t\t    <label class=\"control-label\" for=\"tb_0f2d32-contact-name\"><span class=\"tb-label-span\">Vardas <\/span><span class=\"required\">*<\/span><\/label>\n\t\t\t    <div class=\"control-input\">\n\t\t\t\t    \t\t\t\t\t    <input type=\"text\" name=\"contact-name\" placeholder=\"\" id=\"tb_0f2d32-contact-name\" value=\"\" class=\"form-control\" required>\n\t\t\t\t    \t\t\t\t    \t\t\t    <\/div>\n\t\t<\/div>\n\t    \n\t\t    \t\t    <div class=\"builder-contact-field builder-contact-field-email builder-contact-text-field\">\n\t\t\t    <label class=\"control-label\" for=\"tb_0f2d32-contact-email\"><span class=\"tb-label-span\">El. pa\u0161tas <\/span><span class=\"required\">*<\/span><\/label>\n\t\t\t    <div class=\"control-input\">\n\t\t\t\t    \t\t\t\t\t    <input type=\"text\" name=\"contact-email\" placeholder=\"\" id=\"tb_0f2d32-contact-email\" value=\"\" class=\"form-control\" required>\n\t\t\t\t    \t\t\t\t    \t\t\t    <\/div>\n\t\t<\/div>\n\t    \n\t\t    \t\t    <div class=\"builder-contact-field builder-contact-field-subject builder-contact-text-field\">\n\t\t\t    <label class=\"control-label\" for=\"tb_0f2d32-contact-subject\"><span class=\"tb-label-span\">Tema <\/span><span class=\"required\">*<\/span><\/label>\n\t\t\t    <div class=\"control-input\">\n\t\t\t\t    \t\t\t\t\t    <input type=\"text\" name=\"contact-subject\" placeholder=\"\" id=\"tb_0f2d32-contact-subject\" value=\"\" class=\"form-control\" required>\n\t\t\t\t    \t\t\t\t    \t\t\t    <\/div>\n\t\t<\/div>\n\t    \n\t\t    \t\t    <div class=\"builder-contact-field builder-contact-field-message builder-contact-textarea-field\">\n\t\t\t    <label class=\"control-label\" for=\"tb_0f2d32-contact-message\"><span class=\"tb-label-span\">\u017dinut\u0117 <\/span><span class=\"required\">*<\/span><\/label>\n\t\t\t    <div class=\"control-input\">\n\t\t\t\t    \t\t\t\t\t    <textarea name=\"contact-message\" placeholder=\"\" id=\"tb_0f2d32-contact-message\" rows=\"8\" cols=\"45\" class=\"form-control\" required><\/textarea>\n\t\t\t\t    \t\t\t\t    \t\t\t    <\/div>\n\t\t<\/div>\n\t    \n\t\t    \n\t\t\t    \n\t\t\t    \n\t    \t    <div class=\"builder-contact-field builder-contact-field-send control-input tf_textl tf_clear\">\n\t\t\t<button type=\"submit\" class=\"btn btn-primary\"><span class=\"tf_loader\"><\/span> Si\u0173sti<\/button>\n\t    <\/div>\n\t<\/div>\n    <\/form>\n\n    <\/div>\n<!-- \/module contact -->\n\t        <\/div>\n\t    \t<\/div>\n\t\t    <\/div>\n\t    <!-- \/row_inner -->\n\t<\/div>\n\t<!-- \/module_row -->\n\t<\/div>\n<!--\/themify_builder_content-->","protected":false},"excerpt":{"rendered":"<p>Let&#8217;s Be a Partners At Real Job Finder, we believe in the power of collaboration. Whether you&#8217;re a startup, an established business, or an individual with a great idea, we&#8217;re excited to explore how we can work together to achieve mutual success. Our goal is to create meaningful partnerships that drive growth, innovation, and excellence. [&hellip;]<\/p>","protected":false},"author":1,"featured_media":0,"parent":0,"menu_order":0,"comment_status":"closed","ping_status":"closed","template":"","meta":{"footnotes":""},"class_list":["post-32","page","type-page","status-publish","hentry","has-post-title","has-post-date","has-post-category","has-post-tag","has-post-comment","has-post-author",""],"yoast_head":"<!-- This site is optimized with the Yoast SEO plugin v25.0 - https:\/\/yoast.com\/wordpress\/plugins\/seo\/ -->\n<title>Partners - Real Job Finder<\/title>\n<meta name=\"robots\" content=\"index, follow, max-snippet:-1, max-image-preview:large, max-video-preview:-1\" \/>\n<link rel=\"canonical\" href=\"http:\/\/www.realjobfinder.eu\/lt\/partners\/\" \/>\n<meta property=\"og:locale\" content=\"lt_LT\" \/>\n<meta property=\"og:type\" content=\"article\" \/>\n<meta property=\"og:title\" content=\"Partners - Real Job Finder\" \/>\n<meta property=\"og:description\" content=\"Let&#8217;s Be a Partners At Real Job Finder, we believe in the power of collaboration. Whether you&#8217;re a startup, an established business, or an individual with a great idea, we&#8217;re excited to explore how we can work together to achieve mutual success. Our goal is to create meaningful partnerships that drive growth, innovation, and excellence. [&hellip;]\" \/>\n<meta property=\"og:url\" content=\"http:\/\/www.realjobfinder.eu\/lt\/partners\/\" \/>\n<meta property=\"og:site_name\" content=\"Real Job Finder\" \/>\n<meta property=\"article:publisher\" content=\"https:\/\/www.facebook.com\/realjobfinder\" \/>\n<meta property=\"article:modified_time\" content=\"2025-03-07T09:45:07+00:00\" \/>\n<meta name=\"twitter:card\" content=\"summary_large_image\" \/>\n<script type=\"application\/ld+json\" class=\"yoast-schema-graph\">{\"@context\":\"https:\/\/schema.org\",\"@graph\":[{\"@type\":\"WebPage\",\"@id\":\"http:\/\/www.realjobfinder.eu\/en\/partners\/\",\"url\":\"http:\/\/www.realjobfinder.eu\/en\/partners\/\",\"name\":\"Partners - Real Job Finder\",\"isPartOf\":{\"@id\":\"https:\/\/www.realjobfinder.eu\/lt\/#website\"},\"datePublished\":\"2024-08-15T00:14:08+00:00\",\"dateModified\":\"2025-03-07T09:45:07+00:00\",\"breadcrumb\":{\"@id\":\"http:\/\/www.realjobfinder.eu\/en\/partners\/#breadcrumb\"},\"inLanguage\":\"lt-LT\",\"potentialAction\":[{\"@type\":\"ReadAction\",\"target\":[\"http:\/\/www.realjobfinder.eu\/en\/partners\/\"]}]},{\"@type\":\"BreadcrumbList\",\"@id\":\"http:\/\/www.realjobfinder.eu\/en\/partners\/#breadcrumb\",\"itemListElement\":[{\"@type\":\"ListItem\",\"position\":1,\"name\":\"Home\",\"item\":\"http:\/\/www.realjobfinder.eu\/lt\/\"},{\"@type\":\"ListItem\",\"position\":2,\"name\":\"Partners\"}]},{\"@type\":\"WebSite\",\"@id\":\"https:\/\/www.realjobfinder.eu\/lt\/#website\",\"url\":\"https:\/\/www.realjobfinder.eu\/lt\/\",\"name\":\"Real Job Finder\",\"description\":\"\",\"publisher\":{\"@id\":\"https:\/\/www.realjobfinder.eu\/lt\/#organization\"},\"potentialAction\":[{\"@type\":\"SearchAction\",\"target\":{\"@type\":\"EntryPoint\",\"urlTemplate\":\"https:\/\/www.realjobfinder.eu\/lt\/?s={search_term_string}\"},\"query-input\":{\"@type\":\"PropertyValueSpecification\",\"valueRequired\":true,\"valueName\":\"search_term_string\"}}],\"inLanguage\":\"lt-LT\"},{\"@type\":\"Organization\",\"@id\":\"https:\/\/www.realjobfinder.eu\/lt\/#organization\",\"name\":\"Real Job Finder\",\"url\":\"https:\/\/www.realjobfinder.eu\/lt\/\",\"logo\":{\"@type\":\"ImageObject\",\"inLanguage\":\"lt-LT\",\"@id\":\"https:\/\/www.realjobfinder.eu\/lt\/#\/schema\/logo\/image\/\",\"url\":\"https:\/\/www.realjobfinder.eu\/wp-content\/uploads\/2024\/08\/rjf-logo-1.png\",\"contentUrl\":\"https:\/\/www.realjobfinder.eu\/wp-content\/uploads\/2024\/08\/rjf-logo-1.png\",\"width\":524,\"height\":669,\"caption\":\"Real Job Finder\"},\"image\":{\"@id\":\"https:\/\/www.realjobfinder.eu\/lt\/#\/schema\/logo\/image\/\"},\"sameAs\":[\"https:\/\/www.facebook.com\/realjobfinder\"]}]}<\/script>\n<!-- \/ Yoast SEO plugin. -->","yoast_head_json":{"title":"Partners - Real Job Finder","robots":{"index":"index","follow":"follow","max-snippet":"max-snippet:-1","max-image-preview":"max-image-preview:large","max-video-preview":"max-video-preview:-1"},"canonical":"http:\/\/www.realjobfinder.eu\/lt\/partners\/","og_locale":"lt_LT","og_type":"article","og_title":"Partners - Real Job Finder","og_description":"Let&#8217;s Be a Partners At Real Job Finder, we believe in the power of collaboration. Whether you&#8217;re a startup, an established business, or an individual with a great idea, we&#8217;re excited to explore how we can work together to achieve mutual success. Our goal is to create meaningful partnerships that drive growth, innovation, and excellence. [&hellip;]","og_url":"http:\/\/www.realjobfinder.eu\/lt\/partners\/","og_site_name":"Real Job Finder","article_publisher":"https:\/\/www.facebook.com\/realjobfinder","article_modified_time":"2025-03-07T09:45:07+00:00","twitter_card":"summary_large_image","schema":{"@context":"https:\/\/schema.org","@graph":[{"@type":"WebPage","@id":"http:\/\/www.realjobfinder.eu\/en\/partners\/","url":"http:\/\/www.realjobfinder.eu\/en\/partners\/","name":"Partners - Real Job Finder","isPartOf":{"@id":"https:\/\/www.realjobfinder.eu\/lt\/#website"},"datePublished":"2024-08-15T00:14:08+00:00","dateModified":"2025-03-07T09:45:07+00:00","breadcrumb":{"@id":"http:\/\/www.realjobfinder.eu\/en\/partners\/#breadcrumb"},"inLanguage":"lt-LT","potentialAction":[{"@type":"ReadAction","target":["http:\/\/www.realjobfinder.eu\/en\/partners\/"]}]},{"@type":"BreadcrumbList","@id":"http:\/\/www.realjobfinder.eu\/en\/partners\/#breadcrumb","itemListElement":[{"@type":"ListItem","position":1,"name":"Home","item":"http:\/\/www.realjobfinder.eu\/lt\/"},{"@type":"ListItem","position":2,"name":"Partners"}]},{"@type":"WebSite","@id":"https:\/\/www.realjobfinder.eu\/lt\/#website","url":"https:\/\/www.realjobfinder.eu\/lt\/","name":"Real Job Finder","description":"","publisher":{"@id":"https:\/\/www.realjobfinder.eu\/lt\/#organization"},"potentialAction":[{"@type":"SearchAction","target":{"@type":"EntryPoint","urlTemplate":"https:\/\/www.realjobfinder.eu\/lt\/?s={search_term_string}"},"query-input":{"@type":"PropertyValueSpecification","valueRequired":true,"valueName":"search_term_string"}}],"inLanguage":"lt-LT"},{"@type":"Organization","@id":"https:\/\/www.realjobfinder.eu\/lt\/#organization","name":"Real Job Finder","url":"https:\/\/www.realjobfinder.eu\/lt\/","logo":{"@type":"ImageObject","inLanguage":"lt-LT","@id":"https:\/\/www.realjobfinder.eu\/lt\/#\/schema\/logo\/image\/","url":"https:\/\/www.realjobfinder.eu\/wp-content\/uploads\/2024\/08\/rjf-logo-1.png","contentUrl":"https:\/\/www.realjobfinder.eu\/wp-content\/uploads\/2024\/08\/rjf-logo-1.png","width":524,"height":669,"caption":"Real Job Finder"},"image":{"@id":"https:\/\/www.realjobfinder.eu\/lt\/#\/schema\/logo\/image\/"},"sameAs":["https:\/\/www.facebook.com\/realjobfinder"]}]}},"_links":{"self":[{"href":"http:\/\/www.realjobfinder.eu\/lt\/wp-json\/wp\/v2\/pages\/32","targetHints":{"allow":["GET"]}}],"collection":[{"href":"http:\/\/www.realjobfinder.eu\/lt\/wp-json\/wp\/v2\/pages"}],"about":[{"href":"http:\/\/www.realjobfinder.eu\/lt\/wp-json\/wp\/v2\/types\/page"}],"author":[{"embeddable":true,"href":"http:\/\/www.realjobfinder.eu\/lt\/wp-json\/wp\/v2\/users\/1"}],"replies":[{"embeddable":true,"href":"http:\/\/www.realjobfinder.eu\/lt\/wp-json\/wp\/v2\/comments?post=32"}],"version-history":[{"count":8,"href":"http:\/\/www.realjobfinder.eu\/lt\/wp-json\/wp\/v2\/pages\/32\/revisions"}],"predecessor-version":[{"id":858,"href":"http:\/\/www.realjobfinder.eu\/lt\/wp-json\/wp\/v2\/pages\/32\/revisions\/858"}],"wp:attachment":[{"href":"http:\/\/www.realjobfinder.eu\/lt\/wp-json\/wp\/v2\/media?parent=32"}],"curies":[{"name":"wp","href":"https:\/\/api.w.org\/{rel}","templated":true}]}}