{"id":772,"date":"2025-02-28T09:14:20","date_gmt":"2025-02-28T09:14:20","guid":{"rendered":"https:\/\/www.realjobfinder.eu\/lt\/mb-steigimas-copy\/"},"modified":"2025-03-18T12:08:31","modified_gmt":"2025-03-18T12:08:31","slug":"imoniu-reorganizacija","status":"publish","type":"page","link":"http:\/\/www.realjobfinder.eu\/lt\/imoniu-reorganizacija\/","title":{"rendered":"\u012emoni\u0173 Reorganizacija"},"content":{"rendered":"<!--themify_builder_content-->\n<div id=\"themify_builder_content-772\" data-postid=\"772\" class=\"themify_builder_content themify_builder_content-772 themify_builder tf_clear\">\n    \t<!-- module_row -->\n\t<div  data-css_id=\"ywk8330\" data-lazy=\"1\" class=\"module_row themify_builder_row fullcover fullwidth_row_container tb_ywk8330 tb_first tf_clearfix\" >\n\t    <div class=\"tf_abs builder_row_cover\"><\/div>\t\t<div class=\"row_inner col_align_top tf_box tf_w tf_rel\">\n\t\t\t<div  data-lazy=\"1\" class=\"module_column tb-column col-full first tb_5tkg333 tf_box\">\n\t\t\t    \t        <div class=\"tb-column-inner tf_box tf_w\">\n\t\t    <!-- module text -->\n<div  class=\"module module-text tb_pz82588  repeat\" data-lazy=\"1\">\n        <div  class=\"tb_text_wrap\">\n    <h1>REORGANIZACIJA<\/h1>    <\/div>\n<\/div>\n<!-- \/module text -->\t        <\/div>\n\t    \t<\/div>\n\t\t    <\/div>\n\t    <!-- \/row_inner -->\n\t<\/div>\n\t<!-- \/module_row -->\n\t\t<!-- module_row -->\n\t<div  data-lazy=\"1\" class=\"module_row themify_builder_row tb_gzpz383 tf_clearfix\" >\n\t    \t\t<div class=\"row_inner col_align_top tf_box tf_w tf_rel\">\n\t\t\t<div  data-lazy=\"1\" class=\"module_column tb-column col2-1 first tb_gsc6833 tf_box\">\n\t\t\t    \t        <div class=\"tb-column-inner tf_box tf_w\">\n\t\t    <!-- module text -->\n<div  class=\"module module-text tb_buv6010\" data-lazy=\"1\">\n        <div  class=\"tb_text_wrap\">\n    <h2>\u012eMONI\u0172 REORGANIZACIJA<\/h2>    <\/div>\n<\/div>\n<!-- \/module text --><!-- module text -->\n<div  class=\"module module-text tb_112l654\" data-lazy=\"1\">\n        <div  class=\"tb_text_wrap\">\n    <div class=\"flex-shrink-0 flex flex-col relative items-end\">\n<div>\n<div class=\"pt-0\">\n<div class=\"gizmo-bot-avatar flex h-8 w-8 items-center justify-center overflow-hidden rounded-full\">\n<div class=\"relative p-1 rounded-sm flex items-center justify-center bg-token-main-surface-primary text-token-text-primary h-8 w-8\"><strong>&#8220;Real Job Finder&#8221;<\/strong> gali suplanuoti reorganizavim\u0105 (\u012fskaitant \u012fmoni\u0173 susijungim\u0105 ir atskyrim\u0105) arba \u012fsigijimo sandorius bei i\u0161analizuoti galim\u0105 veiksm\u0173 eig\u0105;<\/div>\n<\/div>\n<\/div>\n<\/div>\n<\/div>\n<div class=\"group\/conversation-turn relative flex w-full min-w-0 flex-col agent-turn\">\n<div class=\"flex-col gap-1 md:gap-3\">\n<div class=\"flex max-w-full flex-col flex-grow AIPRM__conversation__response\">\n<div class=\"min-h-8 text-message flex w-full flex-col items-end gap-2 whitespace-normal break-words [.text-message+&amp;]:mt-5\" dir=\"auto\" data-message-author-role=\"assistant\" data-message-id=\"3bf17551-5ba8-4aef-bc88-f8c9ee1c25fe\" data-message-model-slug=\"gpt-4o\">\n<div class=\"flex w-full flex-col gap-1 empty:hidden first:pt-[3px]\">\n<div class=\"markdown prose w-full break-words dark:prose-invert light\">\n<p>atlikti susijungimo (\u012fskaitant jungimosi, per\u017eengian\u010dio vienos valstyb\u0117s ribas), atskyrimo sandorius.<\/p>\n<\/div>\n<\/div>\n<\/div>\n<\/div>\n<\/div>\n<\/div>\n<p>D\u0117l bet koki\u0173 klausim\u0173, susijusi\u0173 su \u012fmon\u0117s reorganizavimu, galite kreiptis konsultacijai:<\/p>\n<p>Telefonas: +370 615 32117<\/p>\n<p>El.pa\u0161tas: info@realjobfinder.eu<\/p>    <\/div>\n<\/div>\n<!-- \/module text -->\t<div  data-lazy=\"1\" class=\"module_subrow themify_builder_sub_row tb_44hg000 hide-tablet hide-tablet_landscape hide-mobile tf_w tf_clearfix\">\n\t    \t\t<div class=\"subrow_inner col_align_top tf_box tf_w\">\n\t\t\t<div  style=\"width: 24.25%\" data-lazy=\"1\" class=\"sub_column module_column tf_box col2-1 first tb_26gk811\"> \n\t    \t    \t        <div class=\"tb-column-inner tf_box tf_w\">\n\t\t    <!-- module buttons -->\n<div  class=\"module module-buttons tb_lqih040 buttons-horizontal outline  small circle\" data-lazy=\"1\">\n    \t<div class=\"module-buttons-item tf_inline_b\">\n\t\t\t\t\t\t\t<a href=\"#MB-MENU\" class=\"ui builder_button tb_default_color\" >\n\t\t\t\t\t\t\t\t\t\t\t<span class=\"tf_inline_b tf_vmiddle\">SKAITYTI<\/span>\n\t\t\t\t\t\t\t\t\t\t\t<\/a>\n\t\t\t    \t<\/div>\n\t<\/div>\n<!-- \/module buttons -->\n\t        <\/div>\n\t    \t<\/div>\n\t\t<div  style=\"width: 72.55%\" data-lazy=\"1\" class=\"sub_column module_column tf_box col2-1 last tb_vvy7114\"> \n\t    \t    \t        <div class=\"tb-column-inner tf_box tf_w\">\n\t\t    <!-- module buttons -->\n<div  class=\"module module-buttons tb_c09m300 buttons-horizontal outline  small circle\" data-lazy=\"1\">\n    \t<div class=\"module-buttons-item tf_inline_b\">\n\t\t\t\t\t\t\t<a href=\"#MB-CONTACT\" class=\"ui builder_button tb_default_color\" >\n\t\t\t\t\t\t\t\t\t\t\t<span class=\"tf_inline_b tf_vmiddle\">SUSISIEKITE SU MUMIS<\/span>\n\t\t\t\t\t\t\t\t\t\t\t<\/a>\n\t\t\t    \t<\/div>\n\t<\/div>\n<!-- \/module buttons -->\n\t        <\/div>\n\t    \t<\/div>\n\t\t    <\/div>\n\t<\/div><!-- \/themify_builder_sub_row -->\n\t\t<div  data-lazy=\"1\" class=\"module_subrow themify_builder_sub_row tb_dmhx841 hide-desktop hide-tablet tf_w tf_clearfix\">\n\t    \t\t<div class=\"subrow_inner col_align_top tf_box tf_w\">\n\t\t\t<div  style=\"width: 40.65%\" data-lazy=\"1\" class=\"sub_column module_column tf_box col2-1 first tb_xd4a686\" > \n\t    \t    \t        <div class=\"tb-column-inner tf_box tf_w\">\n\t\t    <!-- module buttons -->\n<div  class=\"module module-buttons tb_yhy4893 buttons-horizontal outline  small circle\" data-lazy=\"1\">\n    \t<div class=\"module-buttons-item tf_inline_b\">\n\t\t\t\t\t\t\t<a href=\"#MB-MENU\" class=\"ui builder_button tb_default_color\" >\n\t\t\t\t\t\t\t\t\t\t\t<span class=\"tf_inline_b tf_vmiddle\">SKAITYTI<\/span>\n\t\t\t\t\t\t\t\t\t\t\t<\/a>\n\t\t\t    \t<\/div>\n\t<\/div>\n<!-- \/module buttons -->\n\t        <\/div>\n\t    \t<\/div>\n\t\t<div  style=\"width: 56.15%\" data-lazy=\"1\" class=\"sub_column module_column tf_box col2-1 last tb_lcm8580\" > \n\t    \t    \t        <div class=\"tb-column-inner tf_box tf_w\">\n\t\t    <!-- module buttons -->\n<div  class=\"module module-buttons tb_jan0800 buttons-horizontal outline  small circle\" data-lazy=\"1\">\n    \t<div class=\"module-buttons-item tf_inline_b\">\n\t\t\t\t\t\t\t<a href=\"#MB-CONTACT\" class=\"ui builder_button tb_default_color\" >\n\t\t\t\t\t\t\t\t\t\t\t<span class=\"tf_inline_b tf_vmiddle\">SUSISIEKITE SU MUMIS<\/span>\n\t\t\t\t\t\t\t\t\t\t\t<\/a>\n\t\t\t    \t<\/div>\n\t<\/div>\n<!-- \/module buttons -->\n\t        <\/div>\n\t    \t<\/div>\n\t\t    <\/div>\n\t<\/div><!-- \/themify_builder_sub_row -->\n\t\t        <\/div>\n\t    \t<\/div>\n\t\t<div  data-lazy=\"1\" class=\"module_column tb-column col2-1 last tb_14a4503 fullcover tf_box\">\n\t\t\t    \t<\/div>\n\t\t    <\/div>\n\t    <!-- \/row_inner -->\n\t<\/div>\n\t<!-- \/module_row -->\n\t\t<!-- module_row -->\n\t<div  data-lazy=\"1\" class=\"module_row themify_builder_row tb_gap1835 tf_clearfix\" >\n\t    \t\t<div class=\"row_inner col_align_top tf_box tf_w tf_rel\">\n\t\t\t<div  data-lazy=\"1\" class=\"module_column tb-column col2-1 first tb_ynld531 tf_box\">\n\t\t\t    \t        <div class=\"tb-column-inner tf_box tf_w\">\n\t\t    <!-- module text -->\n<div  class=\"module module-text tb_xoce550\" data-lazy=\"1\">\n        <div  class=\"tb_text_wrap\">\n    <h4><strong>M\u016aS\u0172 TEIKIAMOS PASLAUGOS:<\/strong><\/h4>    <\/div>\n<\/div>\n<!-- \/module text --><!-- module text -->\n<div  class=\"module module-text tb_po4i205\" data-lazy=\"1\">\n        <div  class=\"tb_text_wrap\">\n    <ul>\n<li>Nemokamos konsultacijos<\/li>\n<li>\u012emon\u0117s pavadinimo patikrinimas ir \u012fregistravimas<\/li>\n<li>\u012emon\u0117s steigimo dokument\u0173 paruo\u0161imas<\/li>\n<li>Banko s\u0105skaitos atidarymas<br><br><\/li>\n<\/ul>    <\/div>\n<\/div>\n<!-- \/module text --><!-- module text -->\n<div  class=\"module module-text tb_crw0885  repeat\" data-lazy=\"1\">\n        <div  class=\"tb_text_wrap\">\n    <h4>\u012eMON\u0116S REORGANIZACIJOS TERMINAS:<\/h4>    <\/div>\n<\/div>\n<!-- \/module text --><!-- module text -->\n<div  class=\"module module-text tb_q0t1200\" data-lazy=\"1\">\n        <div  class=\"tb_text_wrap\">\n    <ul>\n<li>14-30 darbo dien\u0173<\/li>\n<\/ul>    <\/div>\n<\/div>\n<!-- \/module text -->\t        <\/div>\n\t    \t<\/div>\n\t\t<div  data-lazy=\"1\" class=\"module_column tb-column col2-1 last tb_xff0353 tf_box\">\n\t\t\t    \t        <div class=\"tb-column-inner tf_box tf_w\">\n\t\t    <!-- module text -->\n<div  class=\"module module-text tb_buyu800\" data-lazy=\"1\">\n        <div  class=\"tb_text_wrap\">\n    <h4>\u012eMON\u0116S REORGANIZACIJOS KAINA:<\/h4>    <\/div>\n<\/div>\n<!-- \/module text --><!-- module text -->\n<div  class=\"module module-text tb_uq0k080\" data-lazy=\"1\">\n        <div  class=\"tb_text_wrap\">\n    <ul>\n<li>Nuo 449\u20ac<\/li>\n<\/ul>    <\/div>\n<\/div>\n<!-- \/module text --><!-- module text -->\n<div  class=\"module module-text tb_y0zv183  repeat\" data-lazy=\"1\">\n        <div  class=\"tb_text_wrap\">\n    <h4>REIKALINGI DOKUMENTAI<\/h4>    <\/div>\n<\/div>\n<!-- \/module text --><!-- module text -->\n<div  class=\"module module-text tb_8d6g015\" data-lazy=\"1\">\n        <div  class=\"tb_text_wrap\">\n    <ul>\n<li>\u012emon\u0117s registravimo dokumentai \u2013 i\u0161ra\u0161as i\u0161 Registr\u0173 centro, \u012fmon\u0117s \u012fstatai;<\/li>\n<li>Tarpinis balansas;<\/li>\n<li>Naujas (gali likti ir senas) \u012fmon\u0117s pavadinimas;<\/li>\n<li>Duomenys apie vadov\u0105 ir narius;<\/li>\n<li>S\u0105ra\u0161o apie kreditorius.<\/li>\n<\/ul>    <\/div>\n<\/div>\n<!-- \/module text -->\t        <\/div>\n\t    \t<\/div>\n\t\t    <\/div>\n\t    <!-- \/row_inner -->\n\t<\/div>\n\t<!-- \/module_row -->\n\t\t<!-- module_row -->\n\t<div  data-anchor=\"MB-CONTACT\" data-hide-anchor=\"1\" data-lazy=\"1\" class=\"module_row themify_builder_row repeat tb_has_section tb_section-MB-CONTACT tb_q1g6051 tf_clearfix\" >\n\t    \t\t<div class=\"row_inner col_align_top tf_box tf_w tf_rel\">\n\t\t\t<div  data-lazy=\"1\" class=\"module_column tb-column col-full first tb_9zqy038 tf_box\">\n\t\t\t    \t        <div class=\"tb-column-inner tf_box tf_w\">\n\t\t    <!-- module text -->\n<div  class=\"module module-text tb_kqaz012\" data-lazy=\"1\">\n        <div  class=\"tb_text_wrap\">\n    <div class=\"elementor-element elementor-element-78078eb elementor-widget elementor-widget-heading\" data-id=\"78078eb\" data-element_type=\"widget\" data-widget_type=\"heading.default\">\n<div class=\"elementor-widget-container\">\n<div class=\"flex max-w-full flex-col flex-grow\">\n<div class=\"min-h-8 text-message flex w-full flex-col items-end gap-2 whitespace-normal break-words [.text-message+&amp;]:mt-5\" dir=\"auto\" data-message-author-role=\"assistant\" data-message-id=\"c8bafa1e-8b63-4287-8bdb-db0bf66d575f\" data-message-model-slug=\"gpt-4o-mini\">\n<div class=\"flex w-full flex-col gap-1 empty:hidden first:pt-[3px]\">\n<div class=\"markdown prose w-full break-words dark:prose-invert dark\">\n<h2 style=\"text-align: center;\">GAUKITE PASI\u016aLYM\u0104<\/h2>\n<\/div>\n<\/div>\n<\/div>\n<\/div>\n<\/div>\n<\/div>    <\/div>\n<\/div>\n<!-- \/module text --><!-- module contact -->\n<div  id=\"tb_8fs8013\" class=\"module module-contact tb_8fs8013 animated-label contact-style1\" data-lazy=\"1\">\n        \n    \n\t<form\n\t\taction=\"http:\/\/www.realjobfinder.eu\/wp-admin\/admin-ajax.php\"\n\t\tclass=\"builder-contact\"\n\t\tid=\"tb_8fs8013-form\"\n\t\tmethod=\"post\"\n\t\tdata-post-id=\"772\"\n\t\tdata-element-id=\"8fs8013\"\n\t\tdata-orig-id=\"772\"\n\t>\n    <div class=\"contact-message\"><\/div>\n\t<div class=\"builder-contact-fields tf_rel\">\n\t\t    \t\t    <div class=\"builder-contact-field builder-contact-field-name builder-contact-text-field\">\n\t\t\t    <label class=\"control-label\" for=\"tb_8fs8013-contact-name\"><span class=\"tb-label-span\">Vardas <\/span><span class=\"required\">*<\/span><\/label>\n\t\t\t    <div class=\"control-input\">\n\t\t\t\t    \t\t\t\t\t    <input type=\"text\" name=\"contact-name\" placeholder=\"\" id=\"tb_8fs8013-contact-name\" value=\"\" class=\"form-control\" required>\n\t\t\t\t    \t\t\t\t    \t\t\t    <\/div>\n\t\t<\/div>\n\t    \n\t\t    \t\t    <div class=\"builder-contact-field builder-contact-field-email builder-contact-text-field\">\n\t\t\t    <label class=\"control-label\" for=\"tb_8fs8013-contact-email\"><span class=\"tb-label-span\">El. pa\u0161tas <\/span><span class=\"required\">*<\/span><\/label>\n\t\t\t    <div class=\"control-input\">\n\t\t\t\t    \t\t\t\t\t    <input type=\"text\" name=\"contact-email\" placeholder=\"\" id=\"tb_8fs8013-contact-email\" value=\"\" class=\"form-control\" required>\n\t\t\t\t    \t\t\t\t    \t\t\t    <\/div>\n\t\t<\/div>\n\t    \n\t\t    \t\t    <div class=\"builder-contact-field builder-contact-field-subject builder-contact-text-field\">\n\t\t\t    <label class=\"control-label\" for=\"tb_8fs8013-contact-subject\"><span class=\"tb-label-span\">Tema <\/span><span class=\"required\">*<\/span><\/label>\n\t\t\t    <div class=\"control-input\">\n\t\t\t\t    \t\t\t\t\t    <input type=\"text\" name=\"contact-subject\" placeholder=\"\" id=\"tb_8fs8013-contact-subject\" value=\"\" class=\"form-control\" required>\n\t\t\t\t    \t\t\t\t    \t\t\t    <\/div>\n\t\t<\/div>\n\t    \n\t\t    \t\t    <div class=\"builder-contact-field builder-contact-field-message builder-contact-textarea-field\">\n\t\t\t    <label class=\"control-label\" for=\"tb_8fs8013-contact-message\"><span class=\"tb-label-span\">\u017dinut\u0117 <\/span><span class=\"required\">*<\/span><\/label>\n\t\t\t    <div class=\"control-input\">\n\t\t\t\t    \t\t\t\t\t    <textarea name=\"contact-message\" placeholder=\"\" id=\"tb_8fs8013-contact-message\" rows=\"8\" cols=\"45\" class=\"form-control\" required><\/textarea>\n\t\t\t\t    \t\t\t\t    \t\t\t    <\/div>\n\t\t<\/div>\n\t    \n\t\t    \n\t\t\t    \n\t\t\t    \n\t    \t    <div class=\"builder-contact-field builder-contact-field-send control-input tf_textl tf_clear\">\n\t\t\t<button type=\"submit\" class=\"btn btn-primary\"><span class=\"tf_loader\"><\/span> Si\u0173sti<\/button>\n\t    <\/div>\n\t<\/div>\n    <\/form>\n\n    <\/div>\n<!-- \/module contact -->\n\t        <\/div>\n\t    \t<\/div>\n\t\t    <\/div>\n\t    <!-- \/row_inner -->\n\t<\/div>\n\t<!-- \/module_row -->\n\t<\/div>\n<!--\/themify_builder_content-->","protected":false},"excerpt":{"rendered":"<p>REORGANIZATION COMPANY REORGANIZATION &#8220;Real Job Finder&#8221; can plan reorganizations (including mergers and demergers) or acquisition transactions and analyze potential courses of action; carry out mergers (including cross-border mergers) and demerger transactions. For any questions about company reorganization, you can consult: Phone: +370 615 32117 Email: info@realjobfinder.eu READ MORE CONTACT US READ MORE CONTACT US OUR [&hellip;]<\/p>","protected":false},"author":1,"featured_media":0,"parent":0,"menu_order":0,"comment_status":"closed","ping_status":"closed","template":"","meta":{"footnotes":""},"class_list":["post-772","page","type-page","status-publish","hentry","has-post-title","has-post-date","has-post-category","has-post-tag","has-post-comment","has-post-author",""],"yoast_head":"<!-- This site is optimized with the Yoast SEO plugin v25.0 - https:\/\/yoast.com\/wordpress\/plugins\/seo\/ -->\n<title>\u012emoni\u0173 Reorganizacija - Real Job Finder<\/title>\n<meta name=\"description\" content=\"Pertvarkysime J\u016bs\u0173 \u012fmon\u0117s strukt\u016br\u0105, optimizuosime veikl\u0105, u\u017etikrinsime puik\u0173 \u012fmon\u0117s veiksnum\u0105 ir puosel\u0117sime tiksl\u0173 siekim\u0105.\" \/>\n<meta name=\"robots\" content=\"index, follow, max-snippet:-1, max-image-preview:large, max-video-preview:-1\" \/>\n<link rel=\"canonical\" href=\"http:\/\/www.realjobfinder.eu\/lt\/imoniu-reorganizacija\/\" \/>\n<meta property=\"og:locale\" content=\"lt_LT\" \/>\n<meta property=\"og:type\" content=\"article\" \/>\n<meta property=\"og:title\" content=\"\u012emoni\u0173 Reorganizacija - Real Job Finder\" \/>\n<meta property=\"og:description\" content=\"Pertvarkysime J\u016bs\u0173 \u012fmon\u0117s strukt\u016br\u0105, optimizuosime veikl\u0105, u\u017etikrinsime puik\u0173 \u012fmon\u0117s veiksnum\u0105 ir puosel\u0117sime tiksl\u0173 siekim\u0105.\" \/>\n<meta property=\"og:url\" content=\"http:\/\/www.realjobfinder.eu\/lt\/imoniu-reorganizacija\/\" \/>\n<meta property=\"og:site_name\" content=\"Real Job Finder\" \/>\n<meta property=\"article:publisher\" content=\"https:\/\/www.facebook.com\/realjobfinder\" \/>\n<meta property=\"article:modified_time\" content=\"2025-03-18T12:08:31+00:00\" \/>\n<meta name=\"twitter:card\" content=\"summary_large_image\" \/>\n<meta name=\"twitter:label1\" content=\"Est. reading time\" \/>\n\t<meta name=\"twitter:data1\" content=\"1 minut\u0117\" \/>\n<script type=\"application\/ld+json\" class=\"yoast-schema-graph\">{\"@context\":\"https:\/\/schema.org\",\"@graph\":[{\"@type\":\"WebPage\",\"@id\":\"http:\/\/www.realjobfinder.eu\/lt\/imoniu-reorganizacija\/\",\"url\":\"http:\/\/www.realjobfinder.eu\/lt\/imoniu-reorganizacija\/\",\"name\":\"\u012emoni\u0173 Reorganizacija - Real Job Finder\",\"isPartOf\":{\"@id\":\"https:\/\/www.realjobfinder.eu\/lt\/#website\"},\"datePublished\":\"2025-02-28T09:14:20+00:00\",\"dateModified\":\"2025-03-18T12:08:31+00:00\",\"description\":\"Pertvarkysime J\u016bs\u0173 \u012fmon\u0117s strukt\u016br\u0105, optimizuosime veikl\u0105, u\u017etikrinsime puik\u0173 \u012fmon\u0117s veiksnum\u0105 ir puosel\u0117sime tiksl\u0173 siekim\u0105.\",\"breadcrumb\":{\"@id\":\"http:\/\/www.realjobfinder.eu\/lt\/imoniu-reorganizacija\/#breadcrumb\"},\"inLanguage\":\"lt-LT\",\"potentialAction\":[{\"@type\":\"ReadAction\",\"target\":[\"http:\/\/www.realjobfinder.eu\/lt\/imoniu-reorganizacija\/\"]}]},{\"@type\":\"BreadcrumbList\",\"@id\":\"http:\/\/www.realjobfinder.eu\/lt\/imoniu-reorganizacija\/#breadcrumb\",\"itemListElement\":[{\"@type\":\"ListItem\",\"position\":1,\"name\":\"Home\",\"item\":\"http:\/\/www.realjobfinder.eu\/lt\/\"},{\"@type\":\"ListItem\",\"position\":2,\"name\":\"\u012emoni\u0173 Reorganizacija\"}]},{\"@type\":\"WebSite\",\"@id\":\"https:\/\/www.realjobfinder.eu\/lt\/#website\",\"url\":\"https:\/\/www.realjobfinder.eu\/lt\/\",\"name\":\"Real Job Finder\",\"description\":\"\",\"publisher\":{\"@id\":\"https:\/\/www.realjobfinder.eu\/lt\/#organization\"},\"potentialAction\":[{\"@type\":\"SearchAction\",\"target\":{\"@type\":\"EntryPoint\",\"urlTemplate\":\"https:\/\/www.realjobfinder.eu\/lt\/?s={search_term_string}\"},\"query-input\":{\"@type\":\"PropertyValueSpecification\",\"valueRequired\":true,\"valueName\":\"search_term_string\"}}],\"inLanguage\":\"lt-LT\"},{\"@type\":\"Organization\",\"@id\":\"https:\/\/www.realjobfinder.eu\/lt\/#organization\",\"name\":\"Real Job Finder\",\"url\":\"https:\/\/www.realjobfinder.eu\/lt\/\",\"logo\":{\"@type\":\"ImageObject\",\"inLanguage\":\"lt-LT\",\"@id\":\"https:\/\/www.realjobfinder.eu\/lt\/#\/schema\/logo\/image\/\",\"url\":\"https:\/\/www.realjobfinder.eu\/wp-content\/uploads\/2024\/08\/rjf-logo-1.png\",\"contentUrl\":\"https:\/\/www.realjobfinder.eu\/wp-content\/uploads\/2024\/08\/rjf-logo-1.png\",\"width\":524,\"height\":669,\"caption\":\"Real Job Finder\"},\"image\":{\"@id\":\"https:\/\/www.realjobfinder.eu\/lt\/#\/schema\/logo\/image\/\"},\"sameAs\":[\"https:\/\/www.facebook.com\/realjobfinder\"]}]}<\/script>\n<!-- \/ Yoast SEO plugin. -->","yoast_head_json":{"title":"\u012emoni\u0173 Reorganizacija - Real Job Finder","description":"Pertvarkysime J\u016bs\u0173 \u012fmon\u0117s strukt\u016br\u0105, optimizuosime veikl\u0105, u\u017etikrinsime puik\u0173 \u012fmon\u0117s veiksnum\u0105 ir puosel\u0117sime tiksl\u0173 siekim\u0105.","robots":{"index":"index","follow":"follow","max-snippet":"max-snippet:-1","max-image-preview":"max-image-preview:large","max-video-preview":"max-video-preview:-1"},"canonical":"http:\/\/www.realjobfinder.eu\/lt\/imoniu-reorganizacija\/","og_locale":"lt_LT","og_type":"article","og_title":"\u012emoni\u0173 Reorganizacija - Real Job Finder","og_description":"Pertvarkysime J\u016bs\u0173 \u012fmon\u0117s strukt\u016br\u0105, optimizuosime veikl\u0105, u\u017etikrinsime puik\u0173 \u012fmon\u0117s veiksnum\u0105 ir puosel\u0117sime tiksl\u0173 siekim\u0105.","og_url":"http:\/\/www.realjobfinder.eu\/lt\/imoniu-reorganizacija\/","og_site_name":"Real Job Finder","article_publisher":"https:\/\/www.facebook.com\/realjobfinder","article_modified_time":"2025-03-18T12:08:31+00:00","twitter_card":"summary_large_image","twitter_misc":{"Est. reading time":"1 minut\u0117"},"schema":{"@context":"https:\/\/schema.org","@graph":[{"@type":"WebPage","@id":"http:\/\/www.realjobfinder.eu\/lt\/imoniu-reorganizacija\/","url":"http:\/\/www.realjobfinder.eu\/lt\/imoniu-reorganizacija\/","name":"\u012emoni\u0173 Reorganizacija - Real Job Finder","isPartOf":{"@id":"https:\/\/www.realjobfinder.eu\/lt\/#website"},"datePublished":"2025-02-28T09:14:20+00:00","dateModified":"2025-03-18T12:08:31+00:00","description":"Pertvarkysime J\u016bs\u0173 \u012fmon\u0117s strukt\u016br\u0105, optimizuosime veikl\u0105, u\u017etikrinsime puik\u0173 \u012fmon\u0117s veiksnum\u0105 ir puosel\u0117sime tiksl\u0173 siekim\u0105.","breadcrumb":{"@id":"http:\/\/www.realjobfinder.eu\/lt\/imoniu-reorganizacija\/#breadcrumb"},"inLanguage":"lt-LT","potentialAction":[{"@type":"ReadAction","target":["http:\/\/www.realjobfinder.eu\/lt\/imoniu-reorganizacija\/"]}]},{"@type":"BreadcrumbList","@id":"http:\/\/www.realjobfinder.eu\/lt\/imoniu-reorganizacija\/#breadcrumb","itemListElement":[{"@type":"ListItem","position":1,"name":"Home","item":"http:\/\/www.realjobfinder.eu\/lt\/"},{"@type":"ListItem","position":2,"name":"\u012emoni\u0173 Reorganizacija"}]},{"@type":"WebSite","@id":"https:\/\/www.realjobfinder.eu\/lt\/#website","url":"https:\/\/www.realjobfinder.eu\/lt\/","name":"Real Job Finder","description":"","publisher":{"@id":"https:\/\/www.realjobfinder.eu\/lt\/#organization"},"potentialAction":[{"@type":"SearchAction","target":{"@type":"EntryPoint","urlTemplate":"https:\/\/www.realjobfinder.eu\/lt\/?s={search_term_string}"},"query-input":{"@type":"PropertyValueSpecification","valueRequired":true,"valueName":"search_term_string"}}],"inLanguage":"lt-LT"},{"@type":"Organization","@id":"https:\/\/www.realjobfinder.eu\/lt\/#organization","name":"Real Job Finder","url":"https:\/\/www.realjobfinder.eu\/lt\/","logo":{"@type":"ImageObject","inLanguage":"lt-LT","@id":"https:\/\/www.realjobfinder.eu\/lt\/#\/schema\/logo\/image\/","url":"https:\/\/www.realjobfinder.eu\/wp-content\/uploads\/2024\/08\/rjf-logo-1.png","contentUrl":"https:\/\/www.realjobfinder.eu\/wp-content\/uploads\/2024\/08\/rjf-logo-1.png","width":524,"height":669,"caption":"Real Job Finder"},"image":{"@id":"https:\/\/www.realjobfinder.eu\/lt\/#\/schema\/logo\/image\/"},"sameAs":["https:\/\/www.facebook.com\/realjobfinder"]}]}},"_links":{"self":[{"href":"http:\/\/www.realjobfinder.eu\/lt\/wp-json\/wp\/v2\/pages\/772","targetHints":{"allow":["GET"]}}],"collection":[{"href":"http:\/\/www.realjobfinder.eu\/lt\/wp-json\/wp\/v2\/pages"}],"about":[{"href":"http:\/\/www.realjobfinder.eu\/lt\/wp-json\/wp\/v2\/types\/page"}],"author":[{"embeddable":true,"href":"http:\/\/www.realjobfinder.eu\/lt\/wp-json\/wp\/v2\/users\/1"}],"replies":[{"embeddable":true,"href":"http:\/\/www.realjobfinder.eu\/lt\/wp-json\/wp\/v2\/comments?post=772"}],"version-history":[{"count":6,"href":"http:\/\/www.realjobfinder.eu\/lt\/wp-json\/wp\/v2\/pages\/772\/revisions"}],"predecessor-version":[{"id":911,"href":"http:\/\/www.realjobfinder.eu\/lt\/wp-json\/wp\/v2\/pages\/772\/revisions\/911"}],"wp:attachment":[{"href":"http:\/\/www.realjobfinder.eu\/lt\/wp-json\/wp\/v2\/media?parent=772"}],"curies":[{"name":"wp","href":"https:\/\/api.w.org\/{rel}","templated":true}]}}