{"id":797,"date":"2025-02-28T12:22:06","date_gmt":"2025-02-28T12:22:06","guid":{"rendered":"https:\/\/www.realjobfinder.eu\/?page_id=797"},"modified":"2025-03-18T11:34:15","modified_gmt":"2025-03-18T11:34:15","slug":"kontaktai","status":"publish","type":"page","link":"http:\/\/www.realjobfinder.eu\/lt\/kontaktai\/","title":{"rendered":"Kontaktai"},"content":{"rendered":"<!--themify_builder_content-->\n<div id=\"themify_builder_content-797\" data-postid=\"797\" class=\"themify_builder_content themify_builder_content-797 themify_builder tf_clear\">\n    \t<!-- module_row -->\n\t<div  data-css_id=\"ba3t689\" data-lazy=\"1\" class=\"module_row themify_builder_row fullcover fullwidth_row_container tb_ba3t689 tb_first tf_clearfix\" >\n\t    <div class=\"tf_abs builder_row_cover\"><\/div>\t\t<div class=\"row_inner col_align_top tf_box tf_w tf_rel\">\n\t\t\t<div  data-lazy=\"1\" class=\"module_column tb-column col-full first tb_f79i690 tf_box\">\n\t\t\t    \t        <div class=\"tb-column-inner tf_box tf_w\">\n\t\t    <!-- module text -->\n<div  class=\"module module-text tb_81u8509  repeat\" data-lazy=\"1\">\n        <div  class=\"tb_text_wrap\">\n    <h1 style=\"text-align: left;\">SUSISIEKITE SU MUMIS<\/h1>    <\/div>\n<\/div>\n<!-- \/module text -->\t        <\/div>\n\t    \t<\/div>\n\t\t    <\/div>\n\t    <!-- \/row_inner -->\n\t<\/div>\n\t<!-- \/module_row -->\n\t\t<!-- module_row -->\n\t<div  data-lazy=\"1\" class=\"module_row themify_builder_row repeat tb_vx2o501 tf_clearfix\" >\n\t    \t\t<div class=\"row_inner col_align_top tf_box tf_w tf_rel\">\n\t\t\t<div  data-lazy=\"1\" class=\"module_column tb-column col4-2 first tb_hxmf502 tf_box\">\n\t\t\t    \t        <div class=\"tb-column-inner tf_box tf_w\">\n\t\t    <!-- module text -->\n<div  class=\"module module-text tb_qte3502  repeat\" data-lazy=\"1\">\n        <div  class=\"tb_text_wrap\">\n    <h2>Susisiekite<\/h2>    <\/div>\n<\/div>\n<!-- \/module text --><!-- module text -->\n<div  class=\"module module-text tb_cc4i502  repeat\" data-lazy=\"1\">\n        <div  class=\"tb_text_wrap\">\n    <p>J\u016bs\u0173 nuomon\u0117 mums yra svarbi. Nesvarbu, ar tai paprastas klausimas, ar vertingas pasi\u016blymas. Galite mums paskambinti telefonu arba para\u0161yti el. pa\u0161tu.<\/p>    <\/div>\n<\/div>\n<!-- \/module text -->\t<div  data-lazy=\"1\" class=\"module_subrow themify_builder_sub_row tb_inxj502 tf_w tf_clearfix\">\n\t    \t\t<div class=\"subrow_inner gutter-none col_align_top tf_box tf_w\">\n\t\t\t<div  data-lazy=\"1\" class=\"sub_column module_column tf_box col2-1 first tb_cpjq503\"> \n\t    \t    \t        <div class=\"tb-column-inner tf_box tf_w\">\n\t\t    <!-- module text -->\n<div  class=\"module module-text tb_p1oh503  repeat\" data-lazy=\"1\">\n        <div  class=\"tb_text_wrap\">\n    <h4>Info<\/h4>    <\/div>\n<\/div>\n<!-- \/module text --><!-- module divider -->\n<div  class=\"module tf_mw module-divider tb_yh9r503 solid  divider-custom divider-left\" style=\"border-width: 1px;border-color: #d1d1d1;margin-top: 5px;margin-bottom: 13px;width: 50px;\" data-lazy=\"1\">\n    <\/div>\n<!-- \/module divider -->\n<!-- module icon -->\n<div  class=\"module module-icon tb_o2f3503  normal circle icon_vertical\" data-lazy=\"1\">\n    \t    <div class=\"module-icon-item\">\n\t\t\t\t\t\t\t\t\t\t\t\t\t\t\t\t\t<em class=\"ui tf_vmiddle tf_textc tf_box\" style=\"background-color: #971a1d;color: #ffffff\"><svg  aria-hidden=\"true\" class=\"tf_fa tf-fas-phone\"><use href=\"#tf-fas-phone\"><\/use><\/svg><\/em>\n\t\t\t\t\t\t\t\t\t\t\t\t\t\t\t\t\t<span class=\"tf_vmiddle\">+370 615 32 117<\/span>\n\t\t\t\t\t\t\t\t    <\/div>\n\t\t    <div class=\"module-icon-item\">\n\t\t\t\t\t\t\t\t\t\t\t\t\t\t\t\t\t<em class=\"ui tf_vmiddle tf_textc tf_box\" style=\"background-color: #971a1d;color: #ffffff\"><svg  aria-hidden=\"true\" class=\"tf_fa tf-far-envelope\"><use href=\"#tf-far-envelope\"><\/use><\/svg><\/em>\n\t\t\t\t\t\t\t\t\t\t\t\t\t\t\t\t\t<span class=\"tf_vmiddle\">info@realjobfinder.eu<\/span>\n\t\t\t\t\t\t\t\t    <\/div>\n\t<\/div>\n<!-- \/module icon -->\n\t        <\/div>\n\t    \t<\/div>\n\t\t<div  data-lazy=\"1\" class=\"sub_column module_column tf_box col2-1 last tb_rwpx503\" > \n\t    \t    \t        <div class=\"tb-column-inner tf_box tf_w\">\n\t\t    <!-- module text -->\n<div  class=\"module module-text tb_n2br503  repeat\" data-lazy=\"1\">\n        <div  class=\"tb_text_wrap\">\n    <h4>ADRESAS<\/h4>    <\/div>\n<\/div>\n<!-- \/module text --><!-- module divider -->\n<div  class=\"module tf_mw module-divider tb_koko503 solid  divider-custom divider-left\" style=\"border-width: 1px;border-color: #d1d1d1;margin-top: 5px;margin-bottom: 13px;width: 50px;\" data-lazy=\"1\">\n    <\/div>\n<!-- \/module divider -->\n<!-- module text -->\n<div  class=\"module module-text tb_spof503\" data-lazy=\"1\">\n        <div  class=\"tb_text_wrap\">\n    <p>\u0160ilut\u0117s pl. 103<br>Klaip\u0117da<br>LT-95112<\/p>    <\/div>\n<\/div>\n<!-- \/module text -->\t        <\/div>\n\t    \t<\/div>\n\t\t    <\/div>\n\t<\/div><!-- \/themify_builder_sub_row -->\n\t<!-- module text -->\n<div  class=\"module module-text tb_cm4a720\" data-lazy=\"1\">\n        <div  class=\"tb_text_wrap\">\n    <p><iframe src=\"https:\/\/www.google.com\/maps\/embed?pb=!1m18!1m12!1m3!1d2249.6780032427246!2d21.18936417614577!3d55.677199297812685!2m3!1f0!2f0!3f0!3m2!1i1024!2i768!4f13.1!3m3!1m2!1s0x46e4dc4d95056f7b%3A0x5f066124e1aff3ae!2zxaBpbHV0xJdzIHBsLiAxMDMsIEtsYWlwxJdkYSwgOTUxMTIgS2xhaXDEl2RvcyBtLiBzYXYu!5e0!3m2!1slt!2slt!4v1741200321990!5m2!1slt!2slt\" width=\"600\" height=\"450\" style=\"border:0;\" allowfullscreen=\"\" loading=\"lazy\" referrerpolicy=\"no-referrer-when-downgrade\"><\/iframe><\/p>\n    <\/div>\n<\/div>\n<!-- \/module text -->\t        <\/div>\n\t    \t<\/div>\n\t\t<div  data-lazy=\"1\" class=\"module_column tb-column col4-2 last tb_otd3504 tf_box\">\n\t\t\t    \t        <div class=\"tb-column-inner tf_box tf_w\">\n\t\t    <!-- module text -->\n<div  class=\"module module-text tb_vfyh504  repeat\" data-lazy=\"1\">\n        <div  class=\"tb_text_wrap\">\n    <h4>PARA\u0160YKITE MUMS<\/h4>    <\/div>\n<\/div>\n<!-- \/module text --><!-- module contact -->\n<div  id=\"tb_a03a504\" class=\"module module-contact tb_a03a504 animated-label contact-style2\" data-lazy=\"1\">\n        \n    \n\t<form\n\t\taction=\"http:\/\/www.realjobfinder.eu\/wp-admin\/admin-ajax.php\"\n\t\tclass=\"builder-contact\"\n\t\tid=\"tb_a03a504-form\"\n\t\tmethod=\"post\"\n\t\tdata-post-id=\"797\"\n\t\tdata-element-id=\"a03a504\"\n\t\tdata-orig-id=\"797\"\n\t>\n    <div class=\"contact-message\"><\/div>\n\t<div class=\"builder-contact-fields tf_rel\">\n\t\t    \t\t    <div class=\"builder-contact-field builder-contact-field-name builder-contact-text-field\">\n\t\t\t    <label class=\"control-label\" for=\"tb_a03a504-contact-name\"><span class=\"tb-label-span\">J\u016bs\u0173 Vardas <\/span><\/label>\n\t\t\t    <div class=\"control-input\">\n\t\t\t\t    \t\t\t\t\t    <input type=\"text\" name=\"contact-name\" placeholder=\"\" id=\"tb_a03a504-contact-name\" value=\"\" class=\"form-control\" \/>\n\t\t\t\t    \t\t\t\t    \t\t\t    <\/div>\n\t\t<\/div>\n\t    \n\t\t    \t\t    <div class=\"builder-contact-field builder-contact-field-email builder-contact-text-field\">\n\t\t\t    <label class=\"control-label\" for=\"tb_a03a504-contact-email\"><span class=\"tb-label-span\">J\u016bs\u0173 El. Pa\u0161tas <\/span><\/label>\n\t\t\t    <div class=\"control-input\">\n\t\t\t\t    \t\t\t\t\t    <input type=\"text\" name=\"contact-email\" placeholder=\"\" id=\"tb_a03a504-contact-email\" value=\"\" class=\"form-control\" \/>\n\t\t\t\t    \t\t\t\t    \t\t\t    <\/div>\n\t\t<\/div>\n\t    \n\t\t    \t\t    <div class=\"builder-contact-field builder-contact-field-subject builder-contact-text-field\">\n\t\t\t    <label class=\"control-label\" for=\"tb_a03a504-contact-subject\"><span class=\"tb-label-span\">Tema <\/span><span class=\"required\">*<\/span><\/label>\n\t\t\t    <div class=\"control-input\">\n\t\t\t\t    \t\t\t\t\t    <input type=\"text\" name=\"contact-subject\" placeholder=\"\" id=\"tb_a03a504-contact-subject\" value=\"\" class=\"form-control\" required>\n\t\t\t\t    \t\t\t\t    \t\t\t    <\/div>\n\t\t<\/div>\n\t    \n\t\t    \t\t    <div class=\"builder-contact-field builder-contact-field-message builder-contact-textarea-field\">\n\t\t\t    <label class=\"control-label\" for=\"tb_a03a504-contact-message\"><span class=\"tb-label-span\">\u017dinut\u0117 <\/span><span class=\"required\">*<\/span><\/label>\n\t\t\t    <div class=\"control-input\">\n\t\t\t\t    \t\t\t\t\t    <textarea name=\"contact-message\" placeholder=\"\" id=\"tb_a03a504-contact-message\" rows=\"8\" cols=\"45\" class=\"form-control\" required><\/textarea>\n\t\t\t\t    \t\t\t\t    \t\t\t    <\/div>\n\t\t<\/div>\n\t    \n\t\t    \n\t\t\t    \n\t\t\t    \n\t    \t    <div class=\"builder-contact-field builder-contact-field-send control-input tf_textl tf_clear\">\n\t\t\t<button type=\"submit\" class=\"btn btn-primary\"><span class=\"tf_loader\"><\/span> Si\u0173sti<\/button>\n\t    <\/div>\n\t<\/div>\n    <\/form>\n\n    <\/div>\n<!-- \/module contact -->\n<!-- module text -->\n<div  class=\"module module-text tb_7qdm709  repeat\" data-lazy=\"1\">\n        <div  class=\"tb_text_wrap\">\n    <h3><strong>REKVIZITAI:\u00a0<br><\/strong><\/h3>    <\/div>\n<\/div>\n<!-- \/module text --><!-- module text -->\n<div  class=\"module module-text tb_435b102  repeat\" data-lazy=\"1\">\n        <div  class=\"tb_text_wrap\">\n    <h5>UAB \u201cReal Job Finder\u201d<br>\u012emon\u0117s kodas: 303323086<br>PVM numeris: LT100008833216<br><strong>Darbo laikas:<\/strong><br>I-V 8:00 \u2013 17:00<\/h5>    <\/div>\n<\/div>\n<!-- \/module text -->\t        <\/div>\n\t    \t<\/div>\n\t\t    <\/div>\n\t    <!-- \/row_inner -->\n\t<\/div>\n\t<!-- \/module_row -->\n\t<\/div>\n<!--\/themify_builder_content-->","protected":false},"excerpt":{"rendered":"<p>CONTACT US Contact Us Your opinions are important to us. Whether it is a simple question or a valuable suggestion. You can call us by phone or email us directly. Info +370 615 32 117 info@realjobfinder.eu Address \u0160ilut\u0117s pl. 103 Klaip\u0117da LT-95112 Email Us Your Name Your Email Subject * Message * Send DETAILS: UAB [&hellip;]<\/p>","protected":false},"author":1,"featured_media":0,"parent":0,"menu_order":0,"comment_status":"closed","ping_status":"closed","template":"","meta":{"footnotes":""},"class_list":["post-797","page","type-page","status-publish","hentry","has-post-title","has-post-date","has-post-category","has-post-tag","has-post-comment","has-post-author",""],"yoast_head":"<!-- This site is optimized with the Yoast SEO plugin v25.0 - https:\/\/yoast.com\/wordpress\/plugins\/seo\/ -->\n<title>Kontaktai - Real Job Finder<\/title>\n<meta name=\"description\" content=\"Bendrieji kontaktai: +370 615 32 117; Adresas: \u0160ilut\u0117s pl. 103 Klaip\u0117da; \u012emon\u0117s kodas: 303323086; Ie\u0161kote darbo ar darbuotoj\u0173? Susisiekite!\" \/>\n<meta name=\"robots\" content=\"index, follow, max-snippet:-1, max-image-preview:large, max-video-preview:-1\" \/>\n<link rel=\"canonical\" href=\"http:\/\/www.realjobfinder.eu\/lt\/kontaktai\/\" \/>\n<meta property=\"og:locale\" content=\"lt_LT\" \/>\n<meta property=\"og:type\" content=\"article\" \/>\n<meta property=\"og:title\" content=\"Kontaktai - Real Job Finder\" \/>\n<meta property=\"og:description\" content=\"Bendrieji kontaktai: +370 615 32 117; Adresas: \u0160ilut\u0117s pl. 103 Klaip\u0117da; \u012emon\u0117s kodas: 303323086; Ie\u0161kote darbo ar darbuotoj\u0173? Susisiekite!\" \/>\n<meta property=\"og:url\" content=\"http:\/\/www.realjobfinder.eu\/lt\/kontaktai\/\" \/>\n<meta property=\"og:site_name\" content=\"Real Job Finder\" \/>\n<meta property=\"article:publisher\" content=\"https:\/\/www.facebook.com\/realjobfinder\" \/>\n<meta property=\"article:modified_time\" content=\"2025-03-18T11:34:15+00:00\" \/>\n<meta name=\"twitter:card\" content=\"summary_large_image\" \/>\n<meta name=\"twitter:label1\" content=\"Est. reading time\" \/>\n\t<meta name=\"twitter:data1\" content=\"1 minut\u0117\" \/>\n<script type=\"application\/ld+json\" class=\"yoast-schema-graph\">{\"@context\":\"https:\/\/schema.org\",\"@graph\":[{\"@type\":\"WebPage\",\"@id\":\"http:\/\/www.realjobfinder.eu\/en\/kontaktai\/\",\"url\":\"http:\/\/www.realjobfinder.eu\/en\/kontaktai\/\",\"name\":\"Kontaktai - Real Job Finder\",\"isPartOf\":{\"@id\":\"https:\/\/www.realjobfinder.eu\/lt\/#website\"},\"datePublished\":\"2025-02-28T12:22:06+00:00\",\"dateModified\":\"2025-03-18T11:34:15+00:00\",\"description\":\"Bendrieji kontaktai: +370 615 32 117; Adresas: \u0160ilut\u0117s pl. 103 Klaip\u0117da; \u012emon\u0117s kodas: 303323086; Ie\u0161kote darbo ar darbuotoj\u0173? Susisiekite!\",\"breadcrumb\":{\"@id\":\"http:\/\/www.realjobfinder.eu\/en\/kontaktai\/#breadcrumb\"},\"inLanguage\":\"lt-LT\",\"potentialAction\":[{\"@type\":\"ReadAction\",\"target\":[\"http:\/\/www.realjobfinder.eu\/en\/kontaktai\/\"]}]},{\"@type\":\"BreadcrumbList\",\"@id\":\"http:\/\/www.realjobfinder.eu\/en\/kontaktai\/#breadcrumb\",\"itemListElement\":[{\"@type\":\"ListItem\",\"position\":1,\"name\":\"Home\",\"item\":\"http:\/\/www.realjobfinder.eu\/lt\/\"},{\"@type\":\"ListItem\",\"position\":2,\"name\":\"Kontaktai\"}]},{\"@type\":\"WebSite\",\"@id\":\"https:\/\/www.realjobfinder.eu\/lt\/#website\",\"url\":\"https:\/\/www.realjobfinder.eu\/lt\/\",\"name\":\"Real Job Finder\",\"description\":\"\",\"publisher\":{\"@id\":\"https:\/\/www.realjobfinder.eu\/lt\/#organization\"},\"potentialAction\":[{\"@type\":\"SearchAction\",\"target\":{\"@type\":\"EntryPoint\",\"urlTemplate\":\"https:\/\/www.realjobfinder.eu\/lt\/?s={search_term_string}\"},\"query-input\":{\"@type\":\"PropertyValueSpecification\",\"valueRequired\":true,\"valueName\":\"search_term_string\"}}],\"inLanguage\":\"lt-LT\"},{\"@type\":\"Organization\",\"@id\":\"https:\/\/www.realjobfinder.eu\/lt\/#organization\",\"name\":\"Real Job Finder\",\"url\":\"https:\/\/www.realjobfinder.eu\/lt\/\",\"logo\":{\"@type\":\"ImageObject\",\"inLanguage\":\"lt-LT\",\"@id\":\"https:\/\/www.realjobfinder.eu\/lt\/#\/schema\/logo\/image\/\",\"url\":\"https:\/\/www.realjobfinder.eu\/wp-content\/uploads\/2024\/08\/rjf-logo-1.png\",\"contentUrl\":\"https:\/\/www.realjobfinder.eu\/wp-content\/uploads\/2024\/08\/rjf-logo-1.png\",\"width\":524,\"height\":669,\"caption\":\"Real Job Finder\"},\"image\":{\"@id\":\"https:\/\/www.realjobfinder.eu\/lt\/#\/schema\/logo\/image\/\"},\"sameAs\":[\"https:\/\/www.facebook.com\/realjobfinder\"]}]}<\/script>\n<!-- \/ Yoast SEO plugin. -->","yoast_head_json":{"title":"Kontaktai - Real Job Finder","description":"Bendrieji kontaktai: +370 615 32 117; Adresas: \u0160ilut\u0117s pl. 103 Klaip\u0117da; \u012emon\u0117s kodas: 303323086; Ie\u0161kote darbo ar darbuotoj\u0173? Susisiekite!","robots":{"index":"index","follow":"follow","max-snippet":"max-snippet:-1","max-image-preview":"max-image-preview:large","max-video-preview":"max-video-preview:-1"},"canonical":"http:\/\/www.realjobfinder.eu\/lt\/kontaktai\/","og_locale":"lt_LT","og_type":"article","og_title":"Kontaktai - Real Job Finder","og_description":"Bendrieji kontaktai: +370 615 32 117; Adresas: \u0160ilut\u0117s pl. 103 Klaip\u0117da; \u012emon\u0117s kodas: 303323086; Ie\u0161kote darbo ar darbuotoj\u0173? Susisiekite!","og_url":"http:\/\/www.realjobfinder.eu\/lt\/kontaktai\/","og_site_name":"Real Job Finder","article_publisher":"https:\/\/www.facebook.com\/realjobfinder","article_modified_time":"2025-03-18T11:34:15+00:00","twitter_card":"summary_large_image","twitter_misc":{"Est. reading time":"1 minut\u0117"},"schema":{"@context":"https:\/\/schema.org","@graph":[{"@type":"WebPage","@id":"http:\/\/www.realjobfinder.eu\/en\/kontaktai\/","url":"http:\/\/www.realjobfinder.eu\/en\/kontaktai\/","name":"Kontaktai - Real Job Finder","isPartOf":{"@id":"https:\/\/www.realjobfinder.eu\/lt\/#website"},"datePublished":"2025-02-28T12:22:06+00:00","dateModified":"2025-03-18T11:34:15+00:00","description":"Bendrieji kontaktai: +370 615 32 117; Adresas: \u0160ilut\u0117s pl. 103 Klaip\u0117da; \u012emon\u0117s kodas: 303323086; Ie\u0161kote darbo ar darbuotoj\u0173? Susisiekite!","breadcrumb":{"@id":"http:\/\/www.realjobfinder.eu\/en\/kontaktai\/#breadcrumb"},"inLanguage":"lt-LT","potentialAction":[{"@type":"ReadAction","target":["http:\/\/www.realjobfinder.eu\/en\/kontaktai\/"]}]},{"@type":"BreadcrumbList","@id":"http:\/\/www.realjobfinder.eu\/en\/kontaktai\/#breadcrumb","itemListElement":[{"@type":"ListItem","position":1,"name":"Home","item":"http:\/\/www.realjobfinder.eu\/lt\/"},{"@type":"ListItem","position":2,"name":"Kontaktai"}]},{"@type":"WebSite","@id":"https:\/\/www.realjobfinder.eu\/lt\/#website","url":"https:\/\/www.realjobfinder.eu\/lt\/","name":"Real Job Finder","description":"","publisher":{"@id":"https:\/\/www.realjobfinder.eu\/lt\/#organization"},"potentialAction":[{"@type":"SearchAction","target":{"@type":"EntryPoint","urlTemplate":"https:\/\/www.realjobfinder.eu\/lt\/?s={search_term_string}"},"query-input":{"@type":"PropertyValueSpecification","valueRequired":true,"valueName":"search_term_string"}}],"inLanguage":"lt-LT"},{"@type":"Organization","@id":"https:\/\/www.realjobfinder.eu\/lt\/#organization","name":"Real Job Finder","url":"https:\/\/www.realjobfinder.eu\/lt\/","logo":{"@type":"ImageObject","inLanguage":"lt-LT","@id":"https:\/\/www.realjobfinder.eu\/lt\/#\/schema\/logo\/image\/","url":"https:\/\/www.realjobfinder.eu\/wp-content\/uploads\/2024\/08\/rjf-logo-1.png","contentUrl":"https:\/\/www.realjobfinder.eu\/wp-content\/uploads\/2024\/08\/rjf-logo-1.png","width":524,"height":669,"caption":"Real Job Finder"},"image":{"@id":"https:\/\/www.realjobfinder.eu\/lt\/#\/schema\/logo\/image\/"},"sameAs":["https:\/\/www.facebook.com\/realjobfinder"]}]}},"_links":{"self":[{"href":"http:\/\/www.realjobfinder.eu\/lt\/wp-json\/wp\/v2\/pages\/797","targetHints":{"allow":["GET"]}}],"collection":[{"href":"http:\/\/www.realjobfinder.eu\/lt\/wp-json\/wp\/v2\/pages"}],"about":[{"href":"http:\/\/www.realjobfinder.eu\/lt\/wp-json\/wp\/v2\/types\/page"}],"author":[{"embeddable":true,"href":"http:\/\/www.realjobfinder.eu\/lt\/wp-json\/wp\/v2\/users\/1"}],"replies":[{"embeddable":true,"href":"http:\/\/www.realjobfinder.eu\/lt\/wp-json\/wp\/v2\/comments?post=797"}],"version-history":[{"count":15,"href":"http:\/\/www.realjobfinder.eu\/lt\/wp-json\/wp\/v2\/pages\/797\/revisions"}],"predecessor-version":[{"id":908,"href":"http:\/\/www.realjobfinder.eu\/lt\/wp-json\/wp\/v2\/pages\/797\/revisions\/908"}],"wp:attachment":[{"href":"http:\/\/www.realjobfinder.eu\/lt\/wp-json\/wp\/v2\/media?parent=797"}],"curies":[{"name":"wp","href":"https:\/\/api.w.org\/{rel}","templated":true}]}}