{"id":28,"date":"2024-08-15T00:13:02","date_gmt":"2024-08-15T00:13:02","guid":{"rendered":"https:\/\/www.realjobfinder.eu\/?page_id=28"},"modified":"2025-02-28T13:35:00","modified_gmt":"2025-02-28T13:35:00","slug":"contact-us","status":"publish","type":"page","link":"https:\/\/www.realjobfinder.eu\/lt\/contact-us\/","title":{"rendered":"Susisiekite"},"content":{"rendered":"<!--themify_builder_content-->\n<div id=\"themify_builder_content-28\" data-postid=\"28\" class=\"themify_builder_content themify_builder_content-28 themify_builder tf_clear\">\n    \t<!-- module_row -->\n\t<div  data-lazy=\"1\" class=\"module_row themify_builder_row tb_7ful748 tb_first tf_clearfix\" >\n\t    \t\t<div class=\"row_inner col_align_top tf_box tf_w tf_rel\">\n\t\t\t<div  data-lazy=\"1\" class=\"module_column tb-column col-full first tb_zceo749 tf_box\">\n\t\t\t    \t        <div class=\"tb-column-inner tf_box tf_w\">\n\t\t    <!-- module fancy heading -->\n<div  class=\"module module-fancy-heading tb_eiq0382\" data-lazy=\"1\">\n        <h1 class=\"fancy-heading tf_textc\">\n    <span  class=\"main-head tf_block\">\n\t\t\t\t\t\t\t    <\/span>\n    <span class=\"sub-head tf_block tf_rel\">\n\t\t\t\t\tSusisiekite\t\t    <\/span>\n    <\/h1>\n<\/div>\n<!-- \/module fancy heading -->\n\t        <\/div>\n\t    \t<\/div>\n\t\t    <\/div>\n\t    <!-- \/row_inner -->\n\t<\/div>\n\t<!-- \/module_row -->\n\t\t<!-- module_row -->\n\t<div  data-lazy=\"1\" class=\"module_row themify_builder_row tb_agw3311 tf_clearfix\">\n\t    \t\t<div class=\"row_inner col_align_top tf_box tf_w tf_rel\">\n\t\t\t<div  data-lazy=\"1\" class=\"module_column tb-column col-full first tb_pjt2312 tf_box\">\n\t\t\t    \t        <div class=\"tb-column-inner tf_box tf_w\">\n\t\t    <!-- module contact -->\n<div  id=\"tb_hy9v168\" class=\"module module-contact tb_hy9v168 animated-label contact-style1\" data-lazy=\"1\">\n        \n    \n\t<form\n\t\taction=\"https:\/\/www.realjobfinder.eu\/wp-admin\/admin-ajax.php\"\n\t\tclass=\"builder-contact\"\n\t\tid=\"tb_hy9v168-form\"\n\t\tmethod=\"post\"\n\t\tdata-post-id=\"28\"\n\t\tdata-element-id=\"hy9v168\"\n\t\tdata-orig-id=\"28\"\n\t>\n    <div class=\"contact-message\"><\/div>\n\t<div class=\"builder-contact-fields tf_rel\">\n\t\t    \t\t    <div class=\"builder-contact-field builder-contact-field-name builder-contact-text-field\">\n\t\t\t    <label class=\"control-label\" for=\"tb_hy9v168-contact-name\"><span class=\"tb-label-span\">Vardas <\/span><span class=\"required\">*<\/span><\/label>\n\t\t\t    <div class=\"control-input\">\n\t\t\t\t    \t\t\t\t\t    <input type=\"text\" name=\"contact-name\" placeholder=\"\" id=\"tb_hy9v168-contact-name\" value=\"\" class=\"form-control\" required>\n\t\t\t\t    \t\t\t\t    \t\t\t    <\/div>\n\t\t<\/div>\n\t    \n\t\t    \t\t    <div class=\"builder-contact-field builder-contact-field-email builder-contact-text-field\">\n\t\t\t    <label class=\"control-label\" for=\"tb_hy9v168-contact-email\"><span class=\"tb-label-span\">El. pa\u0161tas <\/span><span class=\"required\">*<\/span><\/label>\n\t\t\t    <div class=\"control-input\">\n\t\t\t\t    \t\t\t\t\t    <input type=\"text\" name=\"contact-email\" placeholder=\"\" id=\"tb_hy9v168-contact-email\" value=\"\" class=\"form-control\" required>\n\t\t\t\t    \t\t\t\t    \t\t\t    <\/div>\n\t\t<\/div>\n\t    \n\t\t    \t\t    <div class=\"builder-contact-field builder-contact-field-subject builder-contact-text-field\">\n\t\t\t    <label class=\"control-label\" for=\"tb_hy9v168-contact-subject\"><span class=\"tb-label-span\">Tema <\/span><span class=\"required\">*<\/span><\/label>\n\t\t\t    <div class=\"control-input\">\n\t\t\t\t    \t\t\t\t\t    <input type=\"text\" name=\"contact-subject\" placeholder=\"\" id=\"tb_hy9v168-contact-subject\" value=\"\" class=\"form-control\" required>\n\t\t\t\t    \t\t\t\t    \t\t\t    <\/div>\n\t\t<\/div>\n\t    \n\t\t    \t\t    <div class=\"builder-contact-field builder-contact-field-message builder-contact-textarea-field\">\n\t\t\t    <label class=\"control-label\" for=\"tb_hy9v168-contact-message\"><span class=\"tb-label-span\">\u017dinut\u0117 <\/span><span class=\"required\">*<\/span><\/label>\n\t\t\t    <div class=\"control-input\">\n\t\t\t\t    \t\t\t\t\t    <textarea name=\"contact-message\" placeholder=\"\" id=\"tb_hy9v168-contact-message\" rows=\"8\" cols=\"45\" class=\"form-control\" required><\/textarea>\n\t\t\t\t    \t\t\t\t    \t\t\t    <\/div>\n\t\t<\/div>\n\t    \n\t\t    \n\t\t\t    \n\t\t\t    \n\t    \t    <div class=\"builder-contact-field builder-contact-field-send control-input tf_textl tf_clear\">\n\t\t\t<button type=\"submit\" class=\"btn btn-primary\"><span class=\"tf_loader\"><\/span> Si\u0173sti<\/button>\n\t    <\/div>\n\t<\/div>\n    <\/form>\n\n    <\/div>\n<!-- \/module contact -->\n\t        <\/div>\n\t    \t<\/div>\n\t\t    <\/div>\n\t    <!-- \/row_inner -->\n\t<\/div>\n\t<!-- \/module_row -->\n\t\t<!-- module_row -->\n\t<div  data-lazy=\"1\" class=\"module_row themify_builder_row tb_d9l3887 tf_clearfix\">\n\t    \t\t<div class=\"row_inner col_align_top tf_box tf_w tf_rel\">\n\t\t\t<div  data-lazy=\"1\" class=\"module_column tb-column col-full first tb_646z889 tf_box\">\n\t\t\t    \t        <div class=\"tb-column-inner tf_box tf_w\">\n\t\t    <!-- module box -->\n<div  class=\"module module-box tb_byev996\" data-lazy=\"1\">\n        <div class=\"module-box-content ui  tb_default_color\">\n\t\t\t\t<div class=\"tb_text_wrap\"><h4 class=\"widgettitle\" style=\"text-align: center;\">\u012eMON\u0116S KONTAKTAI<\/h4>\n<div class=\"textwidget\">\n<p style=\"text-align: center;\">UAB \u201cReal Job Finder\u201d<br>\u012emon\u0117s kodas: 303323086<br><strong>Darbo laikas:<\/strong><br>I-V 8:00 \u2013 17:00<br><strong>Adresas:<\/strong><br>\u0160ilut\u0117s pl. 103-102, Klaip\u0117da<br><strong>Telefonas: +370 615 32117<\/strong><br><strong>El.pa\u0161tas: info@realjobfinder.eu<\/strong><\/p>\n<\/div><\/div>\n    <\/div>\n<\/div>\n<!-- \/module box -->\n\t        <\/div>\n\t    \t<\/div>\n\t\t    <\/div>\n\t    <!-- \/row_inner -->\n\t<\/div>\n\t<!-- \/module_row -->\n\t<\/div>\n<!--\/themify_builder_content-->","protected":false},"excerpt":{"rendered":"<p>Contact Us Name * Email * Subject * Message * Send COMPANY CONTACTS UAB \u201cReal Job Finder\u201dCompany code: 303323086Working time:I-V 8:00 \u2013 17:00Address:\u0160ilut\u0117s pl. 103-102, Klaip\u0117daPhone: +370 615 32117Email: info@realjobfinder.eu<\/p>","protected":false},"author":1,"featured_media":0,"parent":0,"menu_order":0,"comment_status":"closed","ping_status":"closed","template":"","meta":{"footnotes":""},"class_list":["post-28","page","type-page","status-publish","hentry","has-post-title","has-post-date","has-post-category","has-post-tag","has-post-comment","has-post-author",""],"yoast_head":"<!-- This site is optimized with the Yoast SEO plugin v25.0 - https:\/\/yoast.com\/wordpress\/plugins\/seo\/ -->\n<title>Contact Us - Real Job Finder<\/title>\n<meta name=\"robots\" content=\"index, follow, max-snippet:-1, max-image-preview:large, max-video-preview:-1\" \/>\n<link rel=\"canonical\" href=\"http:\/\/www.realjobfinder.eu\/lt\/contact-us\/\" \/>\n<meta property=\"og:locale\" content=\"lt_LT\" \/>\n<meta property=\"og:type\" content=\"article\" \/>\n<meta property=\"og:title\" content=\"Contact Us - Real Job Finder\" \/>\n<meta property=\"og:description\" content=\"Contact Us Name * Email * Subject * Message * Send COMPANY CONTACTS UAB \u201cReal Job Finder\u201dCompany code: 303323086Working time:I-V 8:00 \u2013 17:00Address:\u0160ilut\u0117s pl. 103-102, Klaip\u0117daPhone: +370 615 32117Email: info@realjobfinder.eu\" \/>\n<meta property=\"og:url\" content=\"http:\/\/www.realjobfinder.eu\/lt\/contact-us\/\" \/>\n<meta property=\"og:site_name\" content=\"Real Job Finder\" \/>\n<meta property=\"article:publisher\" content=\"https:\/\/www.facebook.com\/realjobfinder\" \/>\n<meta property=\"article:modified_time\" content=\"2025-02-28T13:35:00+00:00\" \/>\n<meta name=\"twitter:card\" content=\"summary_large_image\" \/>\n<script type=\"application\/ld+json\" class=\"yoast-schema-graph\">{\"@context\":\"https:\/\/schema.org\",\"@graph\":[{\"@type\":\"WebPage\",\"@id\":\"http:\/\/www.realjobfinder.eu\/lt\/contact-us\/\",\"url\":\"http:\/\/www.realjobfinder.eu\/lt\/contact-us\/\",\"name\":\"Contact Us - Real Job Finder\",\"isPartOf\":{\"@id\":\"http:\/\/www.realjobfinder.eu\/lt\/#website\"},\"datePublished\":\"2024-08-15T00:13:02+00:00\",\"dateModified\":\"2025-02-28T13:35:00+00:00\",\"breadcrumb\":{\"@id\":\"http:\/\/www.realjobfinder.eu\/lt\/contact-us\/#breadcrumb\"},\"inLanguage\":\"lt-LT\",\"potentialAction\":[{\"@type\":\"ReadAction\",\"target\":[\"http:\/\/www.realjobfinder.eu\/lt\/contact-us\/\"]}]},{\"@type\":\"BreadcrumbList\",\"@id\":\"http:\/\/www.realjobfinder.eu\/lt\/contact-us\/#breadcrumb\",\"itemListElement\":[{\"@type\":\"ListItem\",\"position\":1,\"name\":\"Home\",\"item\":\"http:\/\/www.realjobfinder.eu\/lt\/\"},{\"@type\":\"ListItem\",\"position\":2,\"name\":\"Contact Us\"}]},{\"@type\":\"WebSite\",\"@id\":\"http:\/\/www.realjobfinder.eu\/lt\/#website\",\"url\":\"http:\/\/www.realjobfinder.eu\/lt\/\",\"name\":\"Real Job Finder\",\"description\":\"\",\"publisher\":{\"@id\":\"http:\/\/www.realjobfinder.eu\/lt\/#organization\"},\"potentialAction\":[{\"@type\":\"SearchAction\",\"target\":{\"@type\":\"EntryPoint\",\"urlTemplate\":\"http:\/\/www.realjobfinder.eu\/lt\/?s={search_term_string}\"},\"query-input\":{\"@type\":\"PropertyValueSpecification\",\"valueRequired\":true,\"valueName\":\"search_term_string\"}}],\"inLanguage\":\"lt-LT\"},{\"@type\":\"Organization\",\"@id\":\"http:\/\/www.realjobfinder.eu\/lt\/#organization\",\"name\":\"Real Job Finder\",\"url\":\"http:\/\/www.realjobfinder.eu\/lt\/\",\"logo\":{\"@type\":\"ImageObject\",\"inLanguage\":\"lt-LT\",\"@id\":\"http:\/\/www.realjobfinder.eu\/lt\/#\/schema\/logo\/image\/\",\"url\":\"https:\/\/www.realjobfinder.eu\/wp-content\/uploads\/2024\/08\/rjf-logo-1.png\",\"contentUrl\":\"https:\/\/www.realjobfinder.eu\/wp-content\/uploads\/2024\/08\/rjf-logo-1.png\",\"width\":524,\"height\":669,\"caption\":\"Real Job Finder\"},\"image\":{\"@id\":\"http:\/\/www.realjobfinder.eu\/lt\/#\/schema\/logo\/image\/\"},\"sameAs\":[\"https:\/\/www.facebook.com\/realjobfinder\"]}]}<\/script>\n<!-- \/ Yoast SEO plugin. -->","yoast_head_json":{"title":"Contact Us - Real Job Finder","robots":{"index":"index","follow":"follow","max-snippet":"max-snippet:-1","max-image-preview":"max-image-preview:large","max-video-preview":"max-video-preview:-1"},"canonical":"http:\/\/www.realjobfinder.eu\/lt\/contact-us\/","og_locale":"lt_LT","og_type":"article","og_title":"Contact Us - Real Job Finder","og_description":"Contact Us Name * Email * Subject * Message * Send COMPANY CONTACTS UAB \u201cReal Job Finder\u201dCompany code: 303323086Working time:I-V 8:00 \u2013 17:00Address:\u0160ilut\u0117s pl. 103-102, Klaip\u0117daPhone: +370 615 32117Email: info@realjobfinder.eu","og_url":"http:\/\/www.realjobfinder.eu\/lt\/contact-us\/","og_site_name":"Real Job Finder","article_publisher":"https:\/\/www.facebook.com\/realjobfinder","article_modified_time":"2025-02-28T13:35:00+00:00","twitter_card":"summary_large_image","schema":{"@context":"https:\/\/schema.org","@graph":[{"@type":"WebPage","@id":"http:\/\/www.realjobfinder.eu\/lt\/contact-us\/","url":"http:\/\/www.realjobfinder.eu\/lt\/contact-us\/","name":"Contact Us - Real Job Finder","isPartOf":{"@id":"http:\/\/www.realjobfinder.eu\/lt\/#website"},"datePublished":"2024-08-15T00:13:02+00:00","dateModified":"2025-02-28T13:35:00+00:00","breadcrumb":{"@id":"http:\/\/www.realjobfinder.eu\/lt\/contact-us\/#breadcrumb"},"inLanguage":"lt-LT","potentialAction":[{"@type":"ReadAction","target":["http:\/\/www.realjobfinder.eu\/lt\/contact-us\/"]}]},{"@type":"BreadcrumbList","@id":"http:\/\/www.realjobfinder.eu\/lt\/contact-us\/#breadcrumb","itemListElement":[{"@type":"ListItem","position":1,"name":"Home","item":"http:\/\/www.realjobfinder.eu\/lt\/"},{"@type":"ListItem","position":2,"name":"Contact Us"}]},{"@type":"WebSite","@id":"http:\/\/www.realjobfinder.eu\/lt\/#website","url":"http:\/\/www.realjobfinder.eu\/lt\/","name":"Real Job Finder","description":"","publisher":{"@id":"http:\/\/www.realjobfinder.eu\/lt\/#organization"},"potentialAction":[{"@type":"SearchAction","target":{"@type":"EntryPoint","urlTemplate":"http:\/\/www.realjobfinder.eu\/lt\/?s={search_term_string}"},"query-input":{"@type":"PropertyValueSpecification","valueRequired":true,"valueName":"search_term_string"}}],"inLanguage":"lt-LT"},{"@type":"Organization","@id":"http:\/\/www.realjobfinder.eu\/lt\/#organization","name":"Real Job Finder","url":"http:\/\/www.realjobfinder.eu\/lt\/","logo":{"@type":"ImageObject","inLanguage":"lt-LT","@id":"http:\/\/www.realjobfinder.eu\/lt\/#\/schema\/logo\/image\/","url":"https:\/\/www.realjobfinder.eu\/wp-content\/uploads\/2024\/08\/rjf-logo-1.png","contentUrl":"https:\/\/www.realjobfinder.eu\/wp-content\/uploads\/2024\/08\/rjf-logo-1.png","width":524,"height":669,"caption":"Real Job Finder"},"image":{"@id":"http:\/\/www.realjobfinder.eu\/lt\/#\/schema\/logo\/image\/"},"sameAs":["https:\/\/www.facebook.com\/realjobfinder"]}]}},"_links":{"self":[{"href":"https:\/\/www.realjobfinder.eu\/lt\/wp-json\/wp\/v2\/pages\/28","targetHints":{"allow":["GET"]}}],"collection":[{"href":"https:\/\/www.realjobfinder.eu\/lt\/wp-json\/wp\/v2\/pages"}],"about":[{"href":"https:\/\/www.realjobfinder.eu\/lt\/wp-json\/wp\/v2\/types\/page"}],"author":[{"embeddable":true,"href":"https:\/\/www.realjobfinder.eu\/lt\/wp-json\/wp\/v2\/users\/1"}],"replies":[{"embeddable":true,"href":"https:\/\/www.realjobfinder.eu\/lt\/wp-json\/wp\/v2\/comments?post=28"}],"version-history":[{"count":5,"href":"https:\/\/www.realjobfinder.eu\/lt\/wp-json\/wp\/v2\/pages\/28\/revisions"}],"predecessor-version":[{"id":806,"href":"https:\/\/www.realjobfinder.eu\/lt\/wp-json\/wp\/v2\/pages\/28\/revisions\/806"}],"wp:attachment":[{"href":"https:\/\/www.realjobfinder.eu\/lt\/wp-json\/wp\/v2\/media?parent=28"}],"curies":[{"name":"wp","href":"https:\/\/api.w.org\/{rel}","templated":true}]}}