{"id":404,"date":"2024-11-19T00:03:05","date_gmt":"2024-11-19T00:03:05","guid":{"rendered":"https:\/\/www.realjobfinder.eu\/lt\/mb-establishment-copy\/"},"modified":"2024-11-19T00:20:47","modified_gmt":"2024-11-19T00:20:47","slug":"reorganization","status":"publish","type":"page","link":"https:\/\/www.realjobfinder.eu\/lt\/reorganization\/","title":{"rendered":"REORGANIZACIJA"},"content":{"rendered":"<!--themify_builder_content-->\n<div id=\"themify_builder_content-404\" data-postid=\"404\" class=\"themify_builder_content themify_builder_content-404 themify_builder tf_clear\">\n    \t<!-- module_row -->\n\t<div  data-css_id=\"m1bb570\" data-lazy=\"1\" class=\"module_row themify_builder_row fullcover fullwidth_row_container tb_m1bb570 tb_first tf_clearfix\" >\n\t    <div class=\"tf_abs builder_row_cover\"><\/div>\t\t<div class=\"row_inner col_align_top tf_box tf_w tf_rel\">\n\t\t\t<div  data-lazy=\"1\" class=\"module_column tb-column col-full first tb_j23t660 tf_box\">\n\t\t\t    \t        <div class=\"tb-column-inner tf_box tf_w\">\n\t\t    <!-- module text -->\n<div  class=\"module module-text tb_1xuc069  repeat  wow\" data-tf-animation=\"bounceInUp\" data-lazy=\"1\">\n        <div  class=\"tb_text_wrap\">\n    <h1 style=\"text-align: center;\"><strong>REORGANIZACIJA<\/strong><\/h1>    <\/div>\n<\/div>\n<!-- \/module text -->\t        <\/div>\n\t    \t<\/div>\n\t\t    <\/div>\n\t    <!-- \/row_inner -->\n\t<\/div>\n\t<!-- \/module_row -->\n\t\t<!-- module_row -->\n\t<div  data-lazy=\"1\" class=\"module_row themify_builder_row tb_8pnt080 tf_clearfix\" >\n\t    \t\t<div class=\"row_inner col_align_top tf_box tf_w tf_rel\">\n\t\t\t<div  data-lazy=\"1\" class=\"module_column tb-column col2-1 first tb_6foq088 tf_box\">\n\t\t\t    \t        <div class=\"tb-column-inner tf_box tf_w\">\n\t\t    <!-- module text -->\n<div  class=\"module module-text tb_okkj018\" data-lazy=\"1\">\n        <div  class=\"tb_text_wrap\">\n    <h1>\u012eMONI\u0172 REORGANIZACIJA<\/h1>    <\/div>\n<\/div>\n<!-- \/module text --><!-- module text -->\n<div  class=\"module module-text tb_bcu1617\" data-lazy=\"1\">\n        <div  class=\"tb_text_wrap\">\n    <div class=\"elementor-element elementor-element-51cad48 elementor-widget elementor-widget-text-editor\" data-id=\"51cad48\" data-element_type=\"widget\" data-widget_type=\"text-editor.default\">\n<div class=\"elementor-widget-container\">\n<div class=\"flex-shrink-0 flex flex-col relative items-end\">\n<div>\n<div class=\"pt-0\">\n<div class=\"gizmo-bot-avatar flex h-8 w-8 items-center justify-center overflow-hidden rounded-full\">\n<div class=\"relative p-1 rounded-sm flex items-center justify-center bg-token-main-surface-primary text-token-text-primary h-8 w-8\"><strong>&#8220;Real Job Finder&#8221;<\/strong> gali suplanuoti reorganizavim\u0105 (\u012fskaitant \u012fmoni\u0173 susijungim\u0105 ir atskyrim\u0105) arba \u012fsigijimo sandorius bei i\u0161analizuoti galim\u0105 veiksm\u0173 eig\u0105;<\/div>\n<\/div>\n<\/div>\n<\/div>\n<\/div>\n<div class=\"group\/conversation-turn relative flex w-full min-w-0 flex-col agent-turn\">\n<div class=\"flex-col gap-1 md:gap-3\">\n<div class=\"flex max-w-full flex-col flex-grow AIPRM__conversation__response\">\n<div class=\"min-h-8 text-message flex w-full flex-col items-end gap-2 whitespace-normal break-words [.text-message+&amp;]:mt-5\" dir=\"auto\" data-message-author-role=\"assistant\" data-message-id=\"3bf17551-5ba8-4aef-bc88-f8c9ee1c25fe\" data-message-model-slug=\"gpt-4o\">\n<div class=\"flex w-full flex-col gap-1 empty:hidden first:pt-[3px]\">\n<div class=\"markdown prose w-full break-words dark:prose-invert light\">\n<p>atlikti susijungimo (\u012fskaitant jungimosi, per\u017eengian\u010dio vienos valstyb\u0117s ribas), atskyrimo sandorius.<\/p>\n<h5>Reikalingi dokumentai:<\/h5>\n<ul>\n<li>\u012emon\u0117s registravimo dokumentai \u2013 i\u0161ra\u0161as i\u0161 Registr\u0173 centro, \u012fmon\u0117s \u012fstatai;<\/li>\n<li>Tarpinis balansas;<\/li>\n<li>Naujas (gali likti ir senas) \u012fmon\u0117s pavadinimas;<\/li>\n<li>Duomenys apie vadov\u0105 ir narius;<\/li>\n<li>S\u0105ra\u0161o apie kreditorius.<\/li>\n<\/ul>\n<\/div>\n<\/div>\n<\/div>\n<\/div>\n<\/div>\n<\/div>\n<p>D\u0117l bet koki\u0173 klausim\u0173, susijusi\u0173 su \u012fmon\u0117s reorganizavimu, galite kreiptis konsultacijai:<\/p>\n<p><strong>Telefonu<\/strong>: +370 615 32117<\/p>\n<p><strong>El. pa\u0161tas<\/strong>: <a rel=\"noopener\">info@realjobfinder.eu<\/a><\/p>\n<\/div>\n<\/div>    <\/div>\n<\/div>\n<!-- \/module text --><!-- module buttons -->\n<div  class=\"module module-buttons tb_hdmr556 buttons-horizontal solid  large\" data-lazy=\"1\">\n    \t<div class=\"module-buttons-item tf_inline_b\">\n\t\t\t\t\t\t\t<a href=\"#MB-CONTACT\" class=\"ui builder_button tb_default_color\" >\n\t\t\t\t\t\t\t\t\t\t\t<span class=\"tf_inline_b tf_vmiddle\">SUSISIEKITE SU MUMIS<\/span>\n\t\t\t\t\t\t\t\t\t\t\t<\/a>\n\t\t\t    \t<\/div>\n\t<\/div>\n<!-- \/module buttons -->\n\t        <\/div>\n\t    \t<\/div>\n\t\t<div  data-lazy=\"1\" class=\"module_column tb-column col2-1 last tb_q7hw081 tf_box\">\n\t\t\t    \t        <div class=\"tb-column-inner tf_box tf_w\">\n\t\t    <!-- module text -->\n<div  class=\"module module-text tb_s9gl330  repeat\" data-lazy=\"1\">\n        <div  class=\"tb_text_wrap\">\n    <h5><strong>M\u016aS\u0172 TEIKIAMOS PASLAUGOS:<\/strong><\/h5>\n<p>\u2013 Nemokamai konsultuojame<br><br>\u2013 Patikrinsime ir \u012fregistruosime pavadinim\u0105<br><br>\u2013 Paruo\u0161ime \u012fmon\u0117s steigimo dokumentus<br><br>\u2013 Nemokamai suteiksime reigstracijos adres\u0105<br><br>\u2013 Atidarysime kaupiam\u0105j\u0105 banko s\u0105skait\u0105<\/p>\n<h5><strong>\u012eMON\u0116S STEIGIMO TERMINAS:<\/strong><\/h5>\n<p>\u2013 15-20 darbo dien\u0173<\/p>\n<h5><strong>\u012eMON\u0116S STEIGIMO KAINA:<\/strong><\/h5>\n<p>\u2013 449 (be PVM)<\/p>\n<h5><strong>\u012e KAIN\u0104 \u012eSKAI\u010cIUOTA:<\/strong><\/h5>\n<p>\u2013 Dokument\u0173 parengimas<br><br>\u2013 Registr\u0173 Centro mokes\u010diai<br><br>\u2013 Duomen\u0173 pateikimas JADIS<\/p>    <\/div>\n<\/div>\n<!-- \/module text -->\t        <\/div>\n\t    \t<\/div>\n\t\t    <\/div>\n\t    <!-- \/row_inner -->\n\t<\/div>\n\t<!-- \/module_row -->\n\t\t<!-- module_row -->\n\t<div  data-lazy=\"1\" class=\"module_row themify_builder_row repeat tb_udbq330 tf_clearfix\" >\n\t    \t\t<div class=\"row_inner col_align_top tf_box tf_w tf_rel\">\n\t\t\t<div  data-lazy=\"1\" class=\"module_column tb-column col-full first tb_mkjm005 tf_box\">\n\t\t\t    \t<\/div>\n\t\t    <\/div>\n\t    <!-- \/row_inner -->\n\t<\/div>\n\t<!-- \/module_row -->\n\t\t<!-- module_row -->\n\t<div  data-anchor=\"MB-CONTACT\" data-hide-anchor=\"1\" data-lazy=\"1\" class=\"module_row themify_builder_row tb_has_section tb_section-MB-CONTACT tb_ie8j360 tf_clearfix\" >\n\t    \t\t<div class=\"row_inner col_align_top tf_box tf_w tf_rel\">\n\t\t\t<div  data-lazy=\"1\" class=\"module_column tb-column col-full first tb_7gln863 tf_box\">\n\t\t\t    \t        <div class=\"tb-column-inner tf_box tf_w\">\n\t\t    <!-- module text -->\n<div  class=\"module module-text tb_su4a060\" data-lazy=\"1\">\n        <div  class=\"tb_text_wrap\">\n    <div class=\"elementor-element elementor-element-78078eb elementor-widget elementor-widget-heading\" data-id=\"78078eb\" data-element_type=\"widget\" data-widget_type=\"heading.default\">\n<div class=\"elementor-widget-container\">\n<div class=\"flex max-w-full flex-col flex-grow\">\n<div class=\"min-h-8 text-message flex w-full flex-col items-end gap-2 whitespace-normal break-words [.text-message+&amp;]:mt-5\" dir=\"auto\" data-message-author-role=\"assistant\" data-message-id=\"c8bafa1e-8b63-4287-8bdb-db0bf66d575f\" data-message-model-slug=\"gpt-4o-mini\">\n<div class=\"flex w-full flex-col gap-1 empty:hidden first:pt-[3px]\">\n<div class=\"markdown prose w-full break-words dark:prose-invert dark\">\n<h1 style=\"text-align: center;\">Turite klausim\u0173? Susisiekite DABAR!<\/h1>\n<\/div>\n<\/div>\n<\/div>\n<\/div>\n<div class=\"mb-2 flex gap-3 empty:hidden -ml-2\">\n<div class=\"items-center justify-start rounded-xl p-1 flex\">\n<div class=\"flex items-center\">\n<div class=\"flex items-center pb-0\">\u00a0<\/div>\n<\/div>\n<\/div>\n<\/div>\n<\/div>\n<\/div>\n<div class=\"elementor-element elementor-element-c021a35 elementor-button-align-stretch elementor-widget elementor-widget-form\" data-id=\"c021a35\" data-element_type=\"widget\" data-settings=\"{&quot;step_next_label&quot;:&quot;Next&quot;,&quot;step_previous_label&quot;:&quot;Previous&quot;,&quot;button_width&quot;:&quot;100&quot;,&quot;step_type&quot;:&quot;number_text&quot;,&quot;step_icon_shape&quot;:&quot;circle&quot;}\" data-widget_type=\"form.default\">\n<div class=\"elementor-widget-container\"><form id=\"elementor_post_617_form_new-form\" class=\"elementor-form\" method=\"post\" name=\"New Form\" action=\"\">\n<div class=\"elementor-form-fields-wrapper elementor-labels-above\">\n<div class=\"elementor-field-type-text elementor-field-group elementor-column elementor-field-group-name elementor-col-50 elementor-field-required elementor-mark-required\" style=\"text-align: center;\">\u00a0<\/div>\n<\/div>\n<input type=\"hidden\" name=\"trp-form-language\" value=\"lt\"\/><\/form><\/div>\n<\/div>    <\/div>\n<\/div>\n<!-- \/module text --><!-- module contact -->\n<div  id=\"tb_glet689\" class=\"module module-contact tb_glet689 animated-label contact-style1\" data-lazy=\"1\">\n        \n    \n\t<form\n\t\taction=\"https:\/\/www.realjobfinder.eu\/wp-admin\/admin-ajax.php\"\n\t\tclass=\"builder-contact\"\n\t\tid=\"tb_glet689-form\"\n\t\tmethod=\"post\"\n\t\tdata-post-id=\"404\"\n\t\tdata-element-id=\"glet689\"\n\t\tdata-orig-id=\"404\"\n\t>\n    <div class=\"contact-message\"><\/div>\n\t<div class=\"builder-contact-fields tf_rel\">\n\t\t    \t\t    <div class=\"builder-contact-field builder-contact-field-name builder-contact-text-field\">\n\t\t\t    <label class=\"control-label\" for=\"tb_glet689-contact-name\"><span class=\"tb-label-span\">Vardas <\/span><span class=\"required\">*<\/span><\/label>\n\t\t\t    <div class=\"control-input\">\n\t\t\t\t    \t\t\t\t\t    <input type=\"text\" name=\"contact-name\" placeholder=\"\" id=\"tb_glet689-contact-name\" value=\"\" class=\"form-control\" required>\n\t\t\t\t    \t\t\t\t    \t\t\t    <\/div>\n\t\t<\/div>\n\t    \n\t\t    \t\t    <div class=\"builder-contact-field builder-contact-field-email builder-contact-text-field\">\n\t\t\t    <label class=\"control-label\" for=\"tb_glet689-contact-email\"><span class=\"tb-label-span\">El. pa\u0161tas <\/span><span class=\"required\">*<\/span><\/label>\n\t\t\t    <div class=\"control-input\">\n\t\t\t\t    \t\t\t\t\t    <input type=\"text\" name=\"contact-email\" placeholder=\"\" id=\"tb_glet689-contact-email\" value=\"\" class=\"form-control\" required>\n\t\t\t\t    \t\t\t\t    \t\t\t    <\/div>\n\t\t<\/div>\n\t    \n\t\t    \t\t    <div class=\"builder-contact-field builder-contact-field-subject builder-contact-text-field\">\n\t\t\t    <label class=\"control-label\" for=\"tb_glet689-contact-subject\"><span class=\"tb-label-span\">Tema <\/span><span class=\"required\">*<\/span><\/label>\n\t\t\t    <div class=\"control-input\">\n\t\t\t\t    \t\t\t\t\t    <input type=\"text\" name=\"contact-subject\" placeholder=\"\" id=\"tb_glet689-contact-subject\" value=\"\" class=\"form-control\" required>\n\t\t\t\t    \t\t\t\t    \t\t\t    <\/div>\n\t\t<\/div>\n\t    \n\t\t    \t\t    <div class=\"builder-contact-field builder-contact-field-message builder-contact-textarea-field\">\n\t\t\t    <label class=\"control-label\" for=\"tb_glet689-contact-message\"><span class=\"tb-label-span\">\u017dinut\u0117 <\/span><span class=\"required\">*<\/span><\/label>\n\t\t\t    <div class=\"control-input\">\n\t\t\t\t    \t\t\t\t\t    <textarea name=\"contact-message\" placeholder=\"\" id=\"tb_glet689-contact-message\" rows=\"8\" cols=\"45\" class=\"form-control\" required><\/textarea>\n\t\t\t\t    \t\t\t\t    \t\t\t    <\/div>\n\t\t<\/div>\n\t    \n\t\t    \n\t\t\t    \n\t\t\t    \n\t    \t    <div class=\"builder-contact-field builder-contact-field-send control-input tf_textl tf_clear\">\n\t\t\t<button type=\"submit\" class=\"btn btn-primary\"><span class=\"tf_loader\"><\/span> Si\u0173sti<\/button>\n\t    <\/div>\n\t<\/div>\n    <\/form>\n\n    <\/div>\n<!-- \/module contact -->\n\t        <\/div>\n\t    \t<\/div>\n\t\t    <\/div>\n\t    <!-- \/row_inner -->\n\t<\/div>\n\t<!-- \/module_row -->\n\t<\/div>\n<!--\/themify_builder_content-->","protected":false},"excerpt":{"rendered":"<p>REORGANIZATION COMPANY REORGANIZATION &#8220;Real Job Finder&#8221; can plan reorganizations (including mergers and demergers) or acquisition transactions and analyze potential courses of action; carry out mergers (including cross-border mergers) and demerger transactions. Required documents: Company registration documents \u2013 an extract from the Registry Center, company bylaws; Interim balance sheet; New company name (the current name can [&hellip;]<\/p>","protected":false},"author":1,"featured_media":0,"parent":0,"menu_order":0,"comment_status":"closed","ping_status":"closed","template":"","meta":{"footnotes":""},"class_list":["post-404","page","type-page","status-publish","hentry","has-post-title","has-post-date","has-post-category","has-post-tag","has-post-comment","has-post-author",""],"yoast_head":"<!-- This site is optimized with the Yoast SEO plugin v25.0 - https:\/\/yoast.com\/wordpress\/plugins\/seo\/ -->\n<title>REORGANIZATION - Real Job Finder<\/title>\n<meta name=\"robots\" content=\"index, follow, max-snippet:-1, max-image-preview:large, max-video-preview:-1\" \/>\n<link rel=\"canonical\" href=\"http:\/\/www.realjobfinder.eu\/lt\/reorganization\/\" \/>\n<meta property=\"og:locale\" content=\"lt_LT\" \/>\n<meta property=\"og:type\" content=\"article\" \/>\n<meta property=\"og:title\" content=\"REORGANIZATION - Real Job Finder\" \/>\n<meta property=\"og:description\" content=\"REORGANIZATION COMPANY REORGANIZATION &#8220;Real Job Finder&#8221; can plan reorganizations (including mergers and demergers) or acquisition transactions and analyze potential courses of action; carry out mergers (including cross-border mergers) and demerger transactions. Required documents: Company registration documents \u2013 an extract from the Registry Center, company bylaws; Interim balance sheet; New company name (the current name can [&hellip;]\" \/>\n<meta property=\"og:url\" content=\"http:\/\/www.realjobfinder.eu\/lt\/reorganization\/\" \/>\n<meta property=\"og:site_name\" content=\"Real Job Finder\" \/>\n<meta property=\"article:publisher\" content=\"https:\/\/www.facebook.com\/realjobfinder\" \/>\n<meta property=\"article:modified_time\" content=\"2024-11-19T00:20:47+00:00\" \/>\n<meta name=\"twitter:card\" content=\"summary_large_image\" \/>\n<meta name=\"twitter:label1\" content=\"Est. reading time\" \/>\n\t<meta name=\"twitter:data1\" content=\"4 minut\u0117s\" \/>\n<script type=\"application\/ld+json\" class=\"yoast-schema-graph\">{\"@context\":\"https:\/\/schema.org\",\"@graph\":[{\"@type\":\"WebPage\",\"@id\":\"http:\/\/www.realjobfinder.eu\/lt\/reorganization\/\",\"url\":\"http:\/\/www.realjobfinder.eu\/lt\/reorganization\/\",\"name\":\"REORGANIZATION - Real Job Finder\",\"isPartOf\":{\"@id\":\"http:\/\/www.realjobfinder.eu\/lt\/#website\"},\"datePublished\":\"2024-11-19T00:03:05+00:00\",\"dateModified\":\"2024-11-19T00:20:47+00:00\",\"breadcrumb\":{\"@id\":\"http:\/\/www.realjobfinder.eu\/lt\/reorganization\/#breadcrumb\"},\"inLanguage\":\"lt-LT\",\"potentialAction\":[{\"@type\":\"ReadAction\",\"target\":[\"http:\/\/www.realjobfinder.eu\/lt\/reorganization\/\"]}]},{\"@type\":\"BreadcrumbList\",\"@id\":\"http:\/\/www.realjobfinder.eu\/lt\/reorganization\/#breadcrumb\",\"itemListElement\":[{\"@type\":\"ListItem\",\"position\":1,\"name\":\"Home\",\"item\":\"http:\/\/www.realjobfinder.eu\/lt\/\"},{\"@type\":\"ListItem\",\"position\":2,\"name\":\"REORGANIZATION\"}]},{\"@type\":\"WebSite\",\"@id\":\"http:\/\/www.realjobfinder.eu\/lt\/#website\",\"url\":\"http:\/\/www.realjobfinder.eu\/lt\/\",\"name\":\"Real Job Finder\",\"description\":\"\",\"publisher\":{\"@id\":\"http:\/\/www.realjobfinder.eu\/lt\/#organization\"},\"potentialAction\":[{\"@type\":\"SearchAction\",\"target\":{\"@type\":\"EntryPoint\",\"urlTemplate\":\"http:\/\/www.realjobfinder.eu\/lt\/?s={search_term_string}\"},\"query-input\":{\"@type\":\"PropertyValueSpecification\",\"valueRequired\":true,\"valueName\":\"search_term_string\"}}],\"inLanguage\":\"lt-LT\"},{\"@type\":\"Organization\",\"@id\":\"http:\/\/www.realjobfinder.eu\/lt\/#organization\",\"name\":\"Real Job Finder\",\"url\":\"http:\/\/www.realjobfinder.eu\/lt\/\",\"logo\":{\"@type\":\"ImageObject\",\"inLanguage\":\"lt-LT\",\"@id\":\"http:\/\/www.realjobfinder.eu\/lt\/#\/schema\/logo\/image\/\",\"url\":\"https:\/\/www.realjobfinder.eu\/wp-content\/uploads\/2024\/08\/rjf-logo-1.png\",\"contentUrl\":\"https:\/\/www.realjobfinder.eu\/wp-content\/uploads\/2024\/08\/rjf-logo-1.png\",\"width\":524,\"height\":669,\"caption\":\"Real Job Finder\"},\"image\":{\"@id\":\"http:\/\/www.realjobfinder.eu\/lt\/#\/schema\/logo\/image\/\"},\"sameAs\":[\"https:\/\/www.facebook.com\/realjobfinder\"]}]}<\/script>\n<!-- \/ Yoast SEO plugin. -->","yoast_head_json":{"title":"REORGANIZATION - Real Job Finder","robots":{"index":"index","follow":"follow","max-snippet":"max-snippet:-1","max-image-preview":"max-image-preview:large","max-video-preview":"max-video-preview:-1"},"canonical":"http:\/\/www.realjobfinder.eu\/lt\/reorganization\/","og_locale":"lt_LT","og_type":"article","og_title":"REORGANIZATION - Real Job Finder","og_description":"REORGANIZATION COMPANY REORGANIZATION &#8220;Real Job Finder&#8221; can plan reorganizations (including mergers and demergers) or acquisition transactions and analyze potential courses of action; carry out mergers (including cross-border mergers) and demerger transactions. Required documents: Company registration documents \u2013 an extract from the Registry Center, company bylaws; Interim balance sheet; New company name (the current name can [&hellip;]","og_url":"http:\/\/www.realjobfinder.eu\/lt\/reorganization\/","og_site_name":"Real Job Finder","article_publisher":"https:\/\/www.facebook.com\/realjobfinder","article_modified_time":"2024-11-19T00:20:47+00:00","twitter_card":"summary_large_image","twitter_misc":{"Est. reading time":"4 minut\u0117s"},"schema":{"@context":"https:\/\/schema.org","@graph":[{"@type":"WebPage","@id":"http:\/\/www.realjobfinder.eu\/lt\/reorganization\/","url":"http:\/\/www.realjobfinder.eu\/lt\/reorganization\/","name":"REORGANIZATION - Real Job Finder","isPartOf":{"@id":"http:\/\/www.realjobfinder.eu\/lt\/#website"},"datePublished":"2024-11-19T00:03:05+00:00","dateModified":"2024-11-19T00:20:47+00:00","breadcrumb":{"@id":"http:\/\/www.realjobfinder.eu\/lt\/reorganization\/#breadcrumb"},"inLanguage":"lt-LT","potentialAction":[{"@type":"ReadAction","target":["http:\/\/www.realjobfinder.eu\/lt\/reorganization\/"]}]},{"@type":"BreadcrumbList","@id":"http:\/\/www.realjobfinder.eu\/lt\/reorganization\/#breadcrumb","itemListElement":[{"@type":"ListItem","position":1,"name":"Home","item":"http:\/\/www.realjobfinder.eu\/lt\/"},{"@type":"ListItem","position":2,"name":"REORGANIZATION"}]},{"@type":"WebSite","@id":"http:\/\/www.realjobfinder.eu\/lt\/#website","url":"http:\/\/www.realjobfinder.eu\/lt\/","name":"Real Job Finder","description":"","publisher":{"@id":"http:\/\/www.realjobfinder.eu\/lt\/#organization"},"potentialAction":[{"@type":"SearchAction","target":{"@type":"EntryPoint","urlTemplate":"http:\/\/www.realjobfinder.eu\/lt\/?s={search_term_string}"},"query-input":{"@type":"PropertyValueSpecification","valueRequired":true,"valueName":"search_term_string"}}],"inLanguage":"lt-LT"},{"@type":"Organization","@id":"http:\/\/www.realjobfinder.eu\/lt\/#organization","name":"Real Job Finder","url":"http:\/\/www.realjobfinder.eu\/lt\/","logo":{"@type":"ImageObject","inLanguage":"lt-LT","@id":"http:\/\/www.realjobfinder.eu\/lt\/#\/schema\/logo\/image\/","url":"https:\/\/www.realjobfinder.eu\/wp-content\/uploads\/2024\/08\/rjf-logo-1.png","contentUrl":"https:\/\/www.realjobfinder.eu\/wp-content\/uploads\/2024\/08\/rjf-logo-1.png","width":524,"height":669,"caption":"Real Job Finder"},"image":{"@id":"http:\/\/www.realjobfinder.eu\/lt\/#\/schema\/logo\/image\/"},"sameAs":["https:\/\/www.facebook.com\/realjobfinder"]}]}},"_links":{"self":[{"href":"https:\/\/www.realjobfinder.eu\/lt\/wp-json\/wp\/v2\/pages\/404","targetHints":{"allow":["GET"]}}],"collection":[{"href":"https:\/\/www.realjobfinder.eu\/lt\/wp-json\/wp\/v2\/pages"}],"about":[{"href":"https:\/\/www.realjobfinder.eu\/lt\/wp-json\/wp\/v2\/types\/page"}],"author":[{"embeddable":true,"href":"https:\/\/www.realjobfinder.eu\/lt\/wp-json\/wp\/v2\/users\/1"}],"replies":[{"embeddable":true,"href":"https:\/\/www.realjobfinder.eu\/lt\/wp-json\/wp\/v2\/comments?post=404"}],"version-history":[{"count":5,"href":"https:\/\/www.realjobfinder.eu\/lt\/wp-json\/wp\/v2\/pages\/404\/revisions"}],"predecessor-version":[{"id":409,"href":"https:\/\/www.realjobfinder.eu\/lt\/wp-json\/wp\/v2\/pages\/404\/revisions\/409"}],"wp:attachment":[{"href":"https:\/\/www.realjobfinder.eu\/lt\/wp-json\/wp\/v2\/media?parent=404"}],"curies":[{"name":"wp","href":"https:\/\/api.w.org\/{rel}","templated":true}]}}